{"id":9173,"date":"2021-07-29T15:08:17","date_gmt":"2021-07-29T18:08:17","guid":{"rendered":"https:\/\/www.undef.edu.ar\/?page_id=9173"},"modified":"2021-07-29T15:20:18","modified_gmt":"2021-07-29T18:20:18","slug":"transparencia","status":"publish","type":"page","link":"https:\/\/www.undef.edu.ar\/bkp-web\/institucional\/transparencia\/","title":{"rendered":"\u00c9tica P\u00fablica, Integridad y Transparencia"},"content":{"rendered":"<style>\n                #principal h2.titulo {\n                    font-size: 30px !important;\n                }\n                #transparencia * {\n                    box-sizing: border-box;\n                }\n                #transparencia {\n                    display: flex;\n                    flex-wrap: wrap;\n                    margin: 0 30px;\n                    justify-content: center;\n                }\n                #transparencia .item {\n                    padding: 10px;\n                    flex: 0 0 33.333%;\n                    max-width: 33.333%;\n                }\n                #transparencia .item .bloque {\n                    background: #f2f2f2;\n                    padding: 20px;\n                    text-align: center;\n                    height: 100%;\n                }\n                #transparencia .item .bloque a {\n                    display: inline-block;\n                    box-shadow: 2px 2px 4px 0 rgba(0,0,0,0.1);\n                }\n                #transparencia .item .bloque p {\n                    color: #3b4449;\n                    font-size: 20px;\n                    line-height: 1.3em;\n                    font-weight: 500;\n                    text-align: center;\n                }\n                @media (max-width: 1000px) {\n                    #transparencia .item {\n                        flex: 0 0 50%;\n                        max-width: 50%;\n                    }\n                }\n                @media (max-width: 650px) {\n                    #transparencia .item {\n                        flex: 0 0 100%;\n                        max-width: 100%;\n                    }\n                }\n            <\/style>\n<p>Material gr\u00e1fico sobre \u00c9tica P\u00fablica, Integridad y Transparencia para su difusi\u00f3n de forma anal\u00f3gica y digital, en todas las \u00e1reas y dependencias de la Administraci\u00f3n P\u00fablica Nacional centralizada, descentralizada, Empresas de Participaci\u00f3n Estatal y otros entes del Estado.<\/p>\n<div id=\"transparencia\">\n<div class=\"item\">\n<div class=\"bloque\">\n                        <a href=\"https:\/\/www.undef.edu.ar\/wp-content\/uploads\/2021\/07\/afiche_a3_etica_en_la_funcion_publica_oa.pdf\" target=\"_blank\" rel=\"noopener noreferrer\"><br \/>\n                            <img decoding=\"async\" src=\"https:\/\/www.undef.edu.ar\/wp-content\/uploads\/2021\/07\/afiche_a3_etica_en_la_funcion_publica_oa.jpg\" alt=\" \" \/><br \/>\n                        <\/a><\/p>\n<p>\u00c9tica en la funci\u00f3n p\u00fablica<\/p>\n<\/p><\/div>\n<\/p><\/div>\n<div class=\"item\">\n<div class=\"bloque\">\n                        <a href=\"https:\/\/www.undef.edu.ar\/wp-content\/uploads\/2021\/07\/afiche_a3_regimen_de_obsequios_oa_c.pdf\" target=\"_blank\" rel=\"noopener noreferrer\"><br \/>\n                            <img decoding=\"async\" src=\"https:\/\/www.undef.edu.ar\/wp-content\/uploads\/2021\/07\/afiche_a3_regimen_de_obsequios_oa_c.jpg\" alt=\" \" \/><br \/>\n                        <\/a><\/p>\n<p>Registro de obsequios<\/p>\n<\/p><\/div>\n<\/p><\/div>\n<div class=\"item\">\n<div class=\"bloque\">\n                        <a href=\"https:\/\/www.undef.edu.ar\/wp-content\/uploads\/2021\/07\/afiche_a3_viajes_financiados_oa_c.pdf\" target=\"_blank\" rel=\"noopener noreferrer\"><br \/>\n                            <img decoding=\"async\" src=\"https:\/\/www.undef.edu.ar\/wp-content\/uploads\/2021\/07\/afiche_a3_viajes_financiados_oa_c.jpg\" alt=\" \" \/><br \/>\n                        <\/a><\/p>\n<p>Registro de viajes financiados por terceras personas<\/p>\n<\/p><\/div>\n<\/p><\/div>\n<\/p><\/div>\n","protected":false},"excerpt":{"rendered":"<p>Material gr\u00e1fico sobre \u00c9tica P\u00fablica, Integridad y Transparencia para su difusi\u00f3n de forma anal\u00f3gica y digital, en todas las \u00e1reas y dependencias de la Administraci\u00f3n P\u00fablica Nacional centralizada, descentralizada, Empresas de Participaci\u00f3n Estatal y otros entes del Estado. \u00c9tica en la funci\u00f3n p\u00fablica Registro de obsequios Registro de viajes financiados por terceras personas<\/p>\n","protected":false},"author":5,"featured_media":0,"parent":229,"menu_order":0,"comment_status":"closed","ping_status":"closed","template":"","meta":{"_acf_changed":false,"footnotes":""},"acf":[],"_links":{"self":[{"href":"https:\/\/www.undef.edu.ar\/bkp-web\/wp-json\/wp\/v2\/pages\/9173"}],"collection":[{"href":"https:\/\/www.undef.edu.ar\/bkp-web\/wp-json\/wp\/v2\/pages"}],"about":[{"href":"https:\/\/www.undef.edu.ar\/bkp-web\/wp-json\/wp\/v2\/types\/page"}],"author":[{"embeddable":true,"href":"https:\/\/www.undef.edu.ar\/bkp-web\/wp-json\/wp\/v2\/users\/5"}],"replies":[{"embeddable":true,"href":"https:\/\/www.undef.edu.ar\/bkp-web\/wp-json\/wp\/v2\/comments?post=9173"}],"version-history":[{"count":5,"href":"https:\/\/www.undef.edu.ar\/bkp-web\/wp-json\/wp\/v2\/pages\/9173\/revisions"}],"predecessor-version":[{"id":9178,"href":"https:\/\/www.undef.edu.ar\/bkp-web\/wp-json\/wp\/v2\/pages\/9173\/revisions\/9178"}],"up":[{"embeddable":true,"href":"https:\/\/www.undef.edu.ar\/bkp-web\/wp-json\/wp\/v2\/pages\/229"}],"wp:attachment":[{"href":"https:\/\/www.undef.edu.ar\/bkp-web\/wp-json\/wp\/v2\/media?parent=9173"}],"curies":[{"name":"wp","href":"https:\/\/api.w.org\/{rel}","templated":true}]}}