{"id":6903,"date":"2020-04-06T19:30:33","date_gmt":"2020-04-06T22:30:33","guid":{"rendered":"https:\/\/www.undef.edu.ar\/?page_id=6903"},"modified":"2020-08-07T12:13:27","modified_gmt":"2020-08-07T15:13:27","slug":"programa-undefi-2020","status":"publish","type":"page","link":"https:\/\/www.undef.edu.ar\/bkp-web\/programa-undefi-2020\/","title":{"rendered":"Programa UNDEFI 2020"},"content":{"rendered":"<div id=\"principal\" class=\"seccionPrograma\" style=\"background: #ffffff\">\n<p>    <img decoding=\"async\" style=\"border-bottom: 6px solid #37BBED;\" src=\"https:\/\/www.undef.edu.ar\/wp-content\/uploads\/2020\/04\/header_UNDEFI-1.jpg\" alt=\"UNDEFI\" \/><\/p>\n<div class=\"seccion\" style=\"text-align: left; max-width: 800px; margin: auto; padding-top: 50px; padding-bottom: 80px;\">\n<h5 style=\"font-weight: bold; font-family: 'Encode Sans', sans-serif; font-size: 23px; color: #37BBED; margin: 0;\">Convocatoria extraordinaria \u201cUNDEFI 2020 \/ COVID-19\u201d<\/h5>\n<div style=\"border-bottom: 1px dashed #b3b3b3; margin: 20px 0;\"><\/div>\n<p>La UNDEF informa el lanzamiento de la Convocatoria extraordinaria,  \u201cUNDEFI 2020 \u2013 COVID-19\u201d. (Resoluci\u00f3n Rectoral UNDEF N\u00b0 50\/2020) <\/p>\n<p>La convocatoria tiene por finalidad, llamar a la presentaci\u00f3n de proyectos de I+D orientados a la generaci\u00f3n de conocimiento, acciones y\/o productos, cuyos resultados y aplicaci\u00f3n posibiliten mejorar la capacidad de respuesta a la Pandemia COVID-19, contener y mitigar los efectos ocasionados por la misma y contribuir con resultados concretos al fortalecimiento del sistema cient\u00edfico tecnol\u00f3gico y la atenci\u00f3n de la emergencia sanitaria.<\/p>\n<div style=\"background: #023b5b; padding: 10px 40px 20px; border-radius: 10px; color:#ffffff; margin: 15px 0;\">\n<p style=\"color:#ffffff; font-family: 'Encode Sans', sans-serif; font-size: 20px; margin: 15px 0; font-weight: 500; \">Apertura y Cierre de la convocatoria:<\/p>\n<ul style=\"margin: 15px 0;\">\n<li style=\"color:#ffffff;\">Apertura: 06\/04\/2020<\/li>\n<li style=\"color:#ffffff;\">Cierre: 20\/04\/2020<\/li>\n<\/ul><\/div>\n<div style=\"background: #33ace1; padding: 10px 40px 20px; border-radius: 10px; color:#023b5b; margin: 15px 0;\" >\n<p style=\"color:#ffffff; font-family: 'Encode Sans', sans-serif; font-size: 20px; font-weight:400; text-align:left;  margin: 15px 0; line-height: 22px;\">Objetivos y Destinatarios:<\/p>\n<ul style=\"margin: 15px 0;\">\n<li style=\"color:#ffffff; font-weight: 400;\">Promover proyectos de investigaci\u00f3n y desarrollo tecnol\u00f3gico que responda a uno o m\u00e1s de los siguientes objetivos: el diagn\u00f3stico, el control, la prevenci\u00f3n, el tratamiento, el monitoreo y\/u otros aspectos relacionados con el COVID-19.<\/li>\n<li style=\"color:#ffffff; font-weight: 400;\">Satisfacer necesidades del medio socio productivo o demandas tecnol\u00f3gicas locales, vinculadas con la atenci\u00f3n de la emergencia sanitaria y el estado de situaci\u00f3n epidemiol\u00f3gico, declarado mediante el Decreto de Necesidad y Urgencia N\u00b0 260\/2020 de fecha 12 de marzo de 2020.<\/li>\n<li style=\"color:#ffffff; font-weight: 400;\">Promover el desarrollo de prototipos finales aptos para las tareas de apoyo a la comunidad y ayuda humanitaria que realicen los medios militares, tendientes a satisfacer los requerimientos que se formulen en el marco de la emergencia sanitaria declarada.<\/li>\n<\/ul>\n<p style=\"color: #ffffff;\">Dada la complejidad de los objetivos propuestos los proyectos podr\u00e1n ser presentados de manera colaborativa entre grupos de investigaci\u00f3n de las <strong>unidades acad\u00e9micas de la Universidad de la Defensa Nacional<\/strong>, en articulaci\u00f3n con el Sistema Cient\u00edfico Tecnol\u00f3gico Nacional en general y el sistema Cient\u00edfico Tecnol\u00f3gico de la Defensa en particular, actores del sistema p\u00fablico y actores del sector privado.<\/p>\n<\/p><\/div>\n<div style=\"background: #ffffff; padding: 5px 0; margin: 0; color:#333333;\">\n<p style=\"color:#333333; font-family: 'Encode Sans', sans-serif; font-size: 20px; margin: 15px 0; font-weight: 500; \">Duraci\u00f3n<\/p>\n<p>Los proyectos deber\u00e1n tener una duraci\u00f3n m\u00e1xima de 1(UNO) a\u00f1o. Se priorizar\u00e1n aquellos proyectos que puedan brindar resultados dentro de los primeros 60 d\u00edas a partir de su aprobaci\u00f3n.<\/p>\n<\/p><\/div>\n<div style=\"background: #ffffff; padding: 5px 0; margin: 0; color:#333333;\">\n<p style=\"color:#333333; font-family: 'Encode Sans', sans-serif; font-size: 20px; font-weight:400; text-align:left;  margin: 15px 0; line-height: 22px;\">Financiamiento:<\/p>\n<p>Se financiar\u00e1n proyectos de hasta $ 150.000 (PESOS CIENTO CINCUENTA MIL)<\/p>\n<\/p><\/div>\n<div style=\"background: #ffffff; padding: 5px 0; margin: 0; color:#333333;\">\n<p style=\"color:#333333; font-family: 'Encode Sans', sans-serif; font-size: 20px; font-weight:400; text-align:left;  margin: 15px 0; line-height: 22px;\">Presentaci\u00f3n: <\/p>\n<p>La presentaci\u00f3n deber\u00e1 realizarse exclusivamente v\u00eda correo electr\u00f3nico a la siguiente direcci\u00f3n: <a href=\"mailto:secretariacienciaytecnologia@undef.edu.ar\">secretariacienciaytecnologia@undef.edu.ar<\/a> con el asunto: \u201cPostulaci\u00f3n UNDEFI2020-COVID19\u201d.<\/p>\n<\/p><\/div>\n<div style=\"background: #ffffff; padding: 5px 0; margin: 0; color:#333333;\">\n<p style=\"color:#333333; font-family: 'Encode Sans', sans-serif; font-size: 20px; margin: 15px 0; font-weight: 500; \">Consultas:<\/p>\n<p>Teniendo en cuenta el contexto de emergencia solo se realizar\u00e1n consultas a trav\u00e9s de la casilla de correo: <a href=\"mailto:secretariacienciaytecnologia@undef.edu.ar\">secretariacienciaytecnologia@undef.edu.ar<\/a>.<\/p>\n<\/p><\/div>\n<div style=\"display: block; background: #e6e6e6; border-radius: 7px; margin-top: 10px; text-align: center; padding: 0; margin: 15px 0 30px;\"><a style=\"display: inline-block; vertical-align: middle; margin: 5px;\" href=\"https:\/\/www.undef.edu.ar\/wp-content\/uploads\/2020\/04\/4-Anexo-II-Formulario-presentacion-COVID19.docx\" target=\"_blank\" rel=\"noopener noreferrer\"><img decoding=\"async\" class=\"alignnone size-full wp-image-1344\" src=\"https:\/\/www.undef.edu.ar\/wp-content\/uploads\/2020\/04\/descargar_formulario.png\" alt=\"descargar\" \/><\/a><a style=\"display: inline-block; vertical-align: middle; margin: 5px;\" href=\"https:\/\/www.undef.edu.ar\/wp-content\/uploads\/2020\/04\/Resolucion-Rectoral-50-2020-Convocatoria-Extraordinaria-COVID-19.pdf\" target=\"_blank\" rel=\"noopener noreferrer\"><img decoding=\"async\" class=\"alignnone size-full wp-image-1344\" src=\"https:\/\/www.undef.edu.ar\/wp-content\/uploads\/2020\/04\/descargar_resolucion.png\" alt=\"descargar\" \/><\/a><\/div>\n<\/p><\/div>\n<\/div>\n","protected":false},"excerpt":{"rendered":"<p>Convocatoria extraordinaria \u201cUNDEFI 2020 \/ COVID-19\u201d La UNDEF informa el lanzamiento de la Convocatoria extraordinaria, \u201cUNDEFI 2020 \u2013 COVID-19\u201d. (Resoluci\u00f3n Rectoral UNDEF N\u00b0 50\/2020) La convocatoria tiene por finalidad, llamar a la presentaci\u00f3n de proyectos de I+D orientados a la generaci\u00f3n de conocimiento, acciones y\/o productos, cuyos resultados y aplicaci\u00f3n posibiliten mejorar la capacidad de &hellip; <a href=\"https:\/\/www.undef.edu.ar\/bkp-web\/programa-undefi-2020\/\" class=\"more-link\">Continuar leyendo<span class=\"screen-reader-text\"> \u00abPrograma UNDEFI 2020\u00bb<\/span><\/a><\/p>\n","protected":false},"author":5,"featured_media":0,"parent":0,"menu_order":0,"comment_status":"closed","ping_status":"closed","template":"templates\/seccion_generica.php","meta":{"_acf_changed":false,"footnotes":""},"acf":[],"_links":{"self":[{"href":"https:\/\/www.undef.edu.ar\/bkp-web\/wp-json\/wp\/v2\/pages\/6903"}],"collection":[{"href":"https:\/\/www.undef.edu.ar\/bkp-web\/wp-json\/wp\/v2\/pages"}],"about":[{"href":"https:\/\/www.undef.edu.ar\/bkp-web\/wp-json\/wp\/v2\/types\/page"}],"author":[{"embeddable":true,"href":"https:\/\/www.undef.edu.ar\/bkp-web\/wp-json\/wp\/v2\/users\/5"}],"replies":[{"embeddable":true,"href":"https:\/\/www.undef.edu.ar\/bkp-web\/wp-json\/wp\/v2\/comments?post=6903"}],"version-history":[{"count":17,"href":"https:\/\/www.undef.edu.ar\/bkp-web\/wp-json\/wp\/v2\/pages\/6903\/revisions"}],"predecessor-version":[{"id":7782,"href":"https:\/\/www.undef.edu.ar\/bkp-web\/wp-json\/wp\/v2\/pages\/6903\/revisions\/7782"}],"wp:attachment":[{"href":"https:\/\/www.undef.edu.ar\/bkp-web\/wp-json\/wp\/v2\/media?parent=6903"}],"curies":[{"name":"wp","href":"https:\/\/api.w.org\/{rel}","templated":true}]}}