{"id":4909,"date":"2019-04-15T16:56:21","date_gmt":"2019-04-15T19:56:21","guid":{"rendered":"https:\/\/www.undef.edu.ar\/?page_id=4909"},"modified":"2020-09-29T15:22:02","modified_gmt":"2020-09-29T18:22:02","slug":"doctorado-en-defensa","status":"publish","type":"page","link":"https:\/\/www.undef.edu.ar\/bkp-web\/doctorado-en-defensa\/","title":{"rendered":"Doctorado en Defensa"},"content":{"rendered":"<style>#doctoradoendefensa *{box-sizing:border-box}#doctoradoendefensa p, #doctoradoendefensa h1, #doctoradoendefensa h2, #doctoradoendefensa h3, #doctoradoendefensa h4, #doctoradoendefensa h5, #doctoradoendefensa h6{margin-left:0 !important;margin-right:0 !important;background:0 !important;padding-left:0 !important;text-transform:none !important;border:0 !important}#doctoradoendefensa p{font-weight:400 !important}#doctoradoendefensa .barra-dorada{width:100%;height:4px;position:absolute;bottom:0;background-color:#37BBED}#doctoradoendefensa{background:#FFF;width:100%;margin:auto}#doctoradoendefensa #header{width:100%;position:relative}#doctoradoendefensa #header img{width:100%}#doctoradoendefensa .seccion{width:100%;position:relative;padding:50px 85px 80px}#doctoradoendefensa .seccion .barra-dorada{left:0px}#doctoradoendefensa #requisitos .aviso{width:100%;background:#033b5c;padding:20px 50px;text-align:center;margin:auto}#doctoradoendefensa #requisitos .aviso p{font-family: 'Encode Sans', sans-serif;font-weight:bold;font-size:13px;line-height:18px;letter-spacing:0.85px;color:#fff;text-align:center;margin:10px 0 12px}#doctoradoendefensa #requisitos .datos{width:100%;text-align:center;margin:43px auto}#doctoradoendefensa #requisitos .datos .bloque{display:inline-block;vertical-align:middle;text-align:center;background:#e9e9e9;padding:20px 35px 13px;margin:0px 10px}#doctoradoendefensa #requisitos .datos .bloque p{font-family:'Open Sans',sans-serif;font-size:17px;letter-spacing:0.85px;color:#333}#doctoradoendefensa #requisitos .datos .bloque p span{font-weight:600}#doctoradoendefensa #requisitos .titulo{width:100%;border-bottom:1px dashed #999}#doctoradoendefensa #requisitos .titulo h3{font-family: 'Encode Sans', sans-serif;text-align:center;font-size:23px;letter-spacing:1.15px;color:#37BBED;margin-bottom:15px}#doctoradoendefensa #requisitos .bajada{margin-top:50px;text-align:left}#doctoradoendefensa #requisitos .bajada h5{font-family: 'Encode Sans', sans-serif;font-size:17px;line-height:22px;letter-spacing:0.51px;color:#808080;font-weight:400}#doctoradoendefensa #requisitos .bajada p{font-family:'Open Sans',sans-serif;font-size:12px;line-height:19px;letter-spacing:0.65px;color:#4D4D4D;margin:20px 0}#doctoradoendefensa #requisitos .bajada p span{font-family: 'Encode Sans', sans-serif !important;font-weight:600;font-size:17px;color:#37BBED;margin-right:10px}#doctoradoendefensa #objetivos-propuestos{background:url(https:\/\/www.undef.edu.ar\/wp-content\/uploads\/2019\/05\/bg-objetivos.jpg);background-attachment:fixed;background-size:cover;background-position:center top}#doctoradoendefensa #objetivos-propuestos .titulo{width:100%;border-bottom:1px dashed #FFF}#doctoradoendefensa #objetivos-propuestos .titulo h3{font-family: 'Encode Sans', sans-serif;font-weight:600;text-align:center;font-size:23px;letter-spacing:1.15px;color:#37BBED;margin-bottom:15px;margin-top:0}#doctoradoendefensa #objetivos-propuestos .bajada{margin-top:30px;text-align:left}#doctoradoendefensa #objetivos-propuestos .bajada h5{font-family: 'Encode Sans', sans-serif;font-size:17px;line-height:22px;letter-spacing:0.51px;color:#808080}#doctoradoendefensa #objetivos-propuestos .bajada p{font-family: 'Encode Sans', sans-serif;font-size:14px;line-height:22px;letter-spacing:0.7px;color:#FFF}#doctoradoendefensa #objetivos-propuestos .bajada p span{font-family: 'Encode Sans', sans-serif !important;font-weight:700;font-size:23px;color:#37BBED;margin-right:10px}#doctoradoendefensa #estructura-carrera .titulo{width:100%;border-bottom:1px dashed #999}#doctoradoendefensa #estructura-carrera .titulo h3{font-family: 'Encode Sans', sans-serif;font-weight:600;text-align:center;font-size:23px;letter-spacing:1.15px;color:#37BBED;margin-bottom:15px}#doctoradoendefensa #estructura-carrera .bajada{margin-top:30px;text-align:left}#doctoradoendefensa #estructura-carrera .bajada .sub{margin-bottom:20px}#doctoradoendefensa #estructura-carrera .bajada .sub h5{font-family:'Open Sans',sans-serif;font-size:13px;line-height:19px;letter-spacing:0.65px;color:#4D4D4D;margin-bottom:20px}#doctoradoendefensa #estructura-carrera .bajada .sub p{font-family: 'Encode Sans', sans-serif;font-size:15px;line-height:22px;letter-spacing:0.45px;color:#808080}#doctoradoendefensa #estructura-carrera .bajada .sub p span{color:#37BBED}#doctoradoendefensa #estructura-carrera .bajada .sub p strong{font-weight:700}#doctoradoendefensa #plan-estudios{background:#37BBED;background-attachment:fixed;background-size:cover;background-position:center top}#doctoradoendefensa #plan-estudios .titulo{width:100%;border-bottom:1px dashed #191919}#doctoradoendefensa #plan-estudios .titulo h3{font-family: 'Encode Sans', sans-serif;font-weight:600;text-align:center;font-size:23px;letter-spacing:1.15px;color:#FFF;margin-bottom:15px}#doctoradoendefensa #plan-estudios .sub{width:100%;background:#FFF;margin:60px 0px;padding:40px 40px 30px;box-shadow:6px 6px rgba(0, 0, 0, 0.3);position:relative}#doctoradoendefensa #plan-estudios .sub .head{position:absolute;top:-25px;left:0;width:100%;text-align:center;padding:0 30px}#doctoradoendefensa #plan-estudios .sub .head h4{font-family: 'Encode Sans', sans-serif;font-size:19px;line-height:22px;letter-spacing:0.95px;color:#FFF;margin:0;text-align:center;background:#033b5c !important;display:inline-block;padding:10px 30px !important;font-weight:600}#doctoradoendefensa #plan-estudios .sub .ejes{width:100%;text-align:left;margin-bottom:20px}#doctoradoendefensa #plan-estudios .sub .ejes h5{font-family: 'Encode Sans', sans-serif;font-size:15px;letter-spacing:0.75px;color:#37BBED;margin-bottom:10px}#doctoradoendefensa #plan-estudios .sub .ejes h5 span{color:#033b5c}#doctoradoendefensa #plan-estudios .sub .ejes .items{width:49%;display:inline-block}#doctoradoendefensa #plan-estudios .sub .ejes .items p{font-family:'Open Sans',sans-serif;font-size:12px;line-height:19px;letter-spacing:0.65px;color:#4D4D4D;margin:5px}#doctoradoendefensa #plan-estudios .sub .ejes .items p span{font-family: 'Encode Sans', sans-serif !important;font-weight:700;color:#37BBED;margin-right:10px}#doctoradoendefensa #plan-estudios .primero{margin-bottom:80px !important}#doctoradoendefensa #plan-estudios .primero .ejes{margin-bottom:0px}#doctoradoendefensa #plan-estudios .primero .ejes .items{width:100%}#doctoradoendefensa #plan-estudios .segundo{margin-bottom:40px}#doctoradoendefensa #plan-estudios .barra-dorada{background:#033b5c !important}#doctoradoendefensa #cuerpo-docente .titulo{width:100%;border-bottom:1px dashed #999}#doctoradoendefensa #cuerpo-docente .titulo h3{font-family: 'Encode Sans', sans-serif;font-weight:bold;text-align:center;font-size:23px;letter-spacing:1.15px;color:#37BBED;margin-bottom:15px}#doctoradoendefensa #cuerpo-docente .items{margin-top:50px;text-align:center;font-size:0px}#doctoradoendefensa #cuerpo-docente .items .item{width:100%; max-width: 300px; height:auto;padding:15px 10px;background:#e9e9e9;display:inline-block;vertical-align:middle;margin:0px}#doctoradoendefensa #cuerpo-docente .items .item .img, #doctoradoendefensa #cuerpo-docente .items .item .docente{display:inline-block;vertical-align:middle}#doctoradoendefensa #cuerpo-docente .items .item .img{width:55px;margin-right:15px}#doctoradoendefensa #cuerpo-docente .items .item .img img{margin:0}#doctoradoendefensa #cuerpo-docente .items .item .docente{width:70%}#doctoradoendefensa #cuerpo-docente .items .item .docente p{font-family: 'Encode Sans', sans-serif;text-align:left;font-size:18px;line-height:24px;letter-spacing:0.75px;color:#333;margin:0px;font-weight:400}#doctoradoendefensa #cuerpo-docente .aviso{width:100%;padding:10px 20px;margin-top:60px;margin-bottom:20px;border:2px solid #ccc}#doctoradoendefensa #cuerpo-docente .aviso p{font-family:'Open Sans',sans-serif;font-size:13px;line-height:19px;letter-spacing:0.65px;color:#4D4D4D}#doctoradoendefensa #cuerpo-docente .aviso p a{font-weight:900;color:#37BBED;transition:all .2s}#doctoradoendefensa #cuerpo-docente .aviso p a:hover{color:#87772e}@media (max-width: 1000px){.container{width:100%}#doctoradoendefensa .seccion{padding:50px 65px}#doctoradoendefensa #cuerpo-docente .items .item{text-align:center}}@media (max-width: 900px){#doctoradoendefensa #plan-estudios .sub .ejes .items{width:100%}#doctoradoendefensa #cuerpo-docente .items .item{text-align:center}}@media (max-width: 600px){#doctoradoendefensa #requisitos .datos .bloque{margin-top:10px;margin-bottom:10px}#doctoradoendefensa #cuerpo-docente .items .item{width:45%;min-height:112px;text-align:center}#doctoradoendefensa #plan-estudios .sub .head{position:static;padding:0}}@media (max-width: 500px){#doctoradoendefensa .seccion{padding:50px 20px}#doctoradoendefensa #requisitos .datos .bloque{width:100%;margin:10px 0px}#doctoradoendefensa #cuerpo-docente .items .item{width:100%;min-height:70px;text-align:center} }\n\t.bloqueSpeaker {\n\t\tborder: 2px solid #e9e9e9; padding: 60px 70px 30px; transform: translateY(-30px); position: relative; z-index: 0;\n\t}\n\t@media (max-width: 700px){\n\t\t.bloqueSpeaker { padding: 60px 30px 30px; }\n\t}\t<\/p>\n<\/style>\n<div id=\"doctoradoendefensa\">\n<div id=\"header\">\n      <img decoding=\"async\" src=\"https:\/\/www.undef.edu.ar\/wp-content\/uploads\/2020\/09\/doctorado_header.jpg\" alt=\"\"><\/p>\n<div class=\"barra-dorada\"><\/div>\n<\/p><\/div>\n<div id=\"requisitos\" class=\"seccion\">\n<div class=\"datos\">\n<div class=\"bloque\">\n<p> <span>Modalidad:<\/span> Presencial<\/p>\n<\/p><\/div>\n<div class=\"bloque\">\n<p> <span>Duraci\u00f3n:<\/span> 3 a\u00f1os<\/p>\n<\/p><\/div>\n<div class=\"bloque\">\n<p><span>Arancelado<\/span><\/p>\n<\/p><\/div>\n<\/p><\/div>\n<div style=\"background: #37BBED; padding: 20px; text-align: center; margin-bottom: 40px;\">\n<p style=\"font-size: 15px; color: #3B4449; margin-bottom: 0;\">Para mayor informaci\u00f3n consultar a: <a href=\"mailto:doctorado@undef.edu.ar\" style=\"color: #ffffff;\">doctorado@undef.edu.ar<\/a><\/p>\n<\/p><\/div>\n<div class=\"titulo\">\n<h3> Requisitos de Ingreso<\/h3>\n<\/p><\/div>\n<div class=\"bajada\">\n<h5> Para solicitar la admisi\u00f3n a la Carrera de Doctorado el aspirante debe encontrarse en alguna de las siguientes condiciones:<\/h5>\n<p> <span>a.<\/span> Ser graduado de la UNDEF, con t\u00edtulo correspondiente a una carrera de grado de cuatro a\u00f1os de duraci\u00f3n como m\u00ednimo.<\/p>\n<p> <span>b.<\/span> Ser graduado de otras Universidades argentinas reconocidas, con t\u00edtulo correspondiente a una carrera de grado de cuatro a\u00f1os de duraci\u00f3n como m\u00ednimo.<\/p>\n<p> <span>c.<\/span> Ser graduado de Universidades extranjeras reconocidas por las autoridades competentes de su pa\u00eds, que hayan completado al menos un plan de estudios de 2.600 hs. reloj o hasta una formaci\u00f3n equivalente. En estos casos, la admisi\u00f3n del candidato no significar\u00e1 en ning\u00fan caso la rev\u00e1lida del t\u00edtulo de grado.<\/p>\n<p> <span>d.<\/span> Presentar una propuesta de investigaci\u00f3n doctoral.<\/p>\n<p> Para los postulantes extranjeros no hispanohablantes, ser\u00e1 requisito de inscripci\u00f3n el poder acreditar un conocimiento id\u00f3neo del espa\u00f1ol como lengua extranjera.<\/p>\n<\/p><\/div>\n<div class=\"barra-dorada\"><\/div>\n<\/p><\/div>\n<div id=\"objetivos-propuestos\" class=\"seccion\">\n<div class=\"titulo\">\n<h3> Objetivos propuestos<\/h3>\n<\/p><\/div>\n<div class=\"bajada\">\n<p> <span>\u2022<\/span> Contribuir con la formaci\u00f3n de profesionales capaces de desempe\u00f1arse en estructuras gubernamentales y no gubernamentales, nacionales e internacionales, que tengan como foco de inter\u00e9s los asuntos de Defensa y, en general, de seguridad internacional, desarrollando tareas de investigaci\u00f3n, an\u00e1lisis y asesoramiento.<\/p>\n<p> <span>\u2022<\/span> Generar conocimiento cient\u00edfico, original e innovador acerca de la Defensa, enmarcado desde una perspectiva te\u00f3rico-conceptual s\u00f3lida.<\/p>\n<p> <span>\u2022<\/span> Profundizar los conocimientos y la comprensi\u00f3n de los asuntos de Defensa, as\u00ed como el dominio de las destrezas metodol\u00f3gicas inherentes a un proceso de investigaci\u00f3n cient\u00edfica.<\/p>\n<\/p><\/div>\n<div class=\"barra-dorada\"><\/div>\n<\/p><\/div>\n<div id=\"estructura-carrera\" class=\"seccion\">\n<div class=\"titulo\">\n<h3> Estructura de la Carrera<\/h3>\n<\/p><\/div>\n<div class=\"bajada\">\n<div class=\"sub\">\n<h5> El Plan de estudios de la carrera de Doctorado en Defensa tiene prevista una modalidad curricular semiestructurada que prev\u00e9 tres tramos:<\/h5>\n<p> <span>\u2022 &nbsp;&nbsp; <\/span> un tramo de formaci\u00f3n b\u00e1sica conformado por materias obligatorias.<\/p>\n<p> <span>\u2022 &nbsp;&nbsp; <\/span> un tramo de formaci\u00f3n avanzada conformado por materias electivas.<\/p>\n<p> <span>\u2022 &nbsp;&nbsp; <\/span> un tramo de investigaci\u00f3n dedicado a la tesis.<\/p>\n<\/p><\/div>\n<div class=\"sub\">\n<h5> El Tramo de Formaci\u00f3n Avanzada se sustenta en cinco asignaturas electivas que se corresponden con tres ejes diferentes de investigaci\u00f3n.<\/h5>\n<p> <span>\u2022 &nbsp;&nbsp; <strong>Eje 1<\/strong>:<\/span> Pol\u00edtica de Defensa Nacional.<\/p>\n<p> <span>\u2022 &nbsp;&nbsp; <strong>Eje 2<\/strong>:<\/span> Pol\u00edtica internacional y escenarios estrat\u00e9gicos.<\/p>\n<p> <span>\u2022 &nbsp;&nbsp; <strong>Eje 3<\/strong>:<\/span> Ciencia, tecnolog\u00eda y producci\u00f3n para la defensa y el instrumento militar<\/p>\n<\/p><\/div>\n<\/p><\/div>\n<\/p><\/div>\n<div id=\"plan-estudios\" class=\"seccion\">\n<div class=\"titulo\">\n<h3> Plan de estudios<\/h3>\n<\/p><\/div>\n<div class=\"sub primero\">\n<div class=\"head\">\n<h4> Tramo de formaci\u00f3n b\u00e1sica: asignaturas obligatorias<\/h4>\n<\/p><\/div>\n<div class=\"ejes\">\n<div class=\"items\">\n<p> <span>\u2022<\/span> Introducci\u00f3n a los asuntos de Defensa y al Contexto Internacional de Posguerra Fr\u00eda.<\/p>\n<\/p><\/div>\n<div class=\"items\">\n<p> <span>\u2022<\/span> Enfoques Te\u00f3ricos sobre la Defensa y el Contexto Internacional.<\/p>\n<\/p><\/div>\n<div class=\"items\">\n<p> <span>\u2022<\/span> Epistemolog\u00eda y Metodolog\u00eda de la Investigaci\u00f3n.<\/p>\n<\/p><\/div>\n<div class=\"items\">\n<p> <span>\u2022<\/span> Taller de Tesis I.<\/p>\n<\/p><\/div>\n<div class=\"items\">\n<p> <span>\u2022<\/span> Taller de Tesis II<\/p>\n<\/p><\/div>\n<\/p><\/div>\n<\/p><\/div>\n<div class=\"sub segundo\">\n<div class=\"head\">\n<h4> Tramo de formaci\u00f3n avanzada: asignaturas electivas (5)<\/h4>\n<\/p><\/div>\n<div class=\"ejes\">\n<h5> <span>Eje 1:<\/span> Pol\u00edtica de Defensa Nacional<\/h5>\n<div class=\"items\">\n<p> <span>\u2022<\/span> Pol\u00edticas y Estrategias de Defensa Comparada<\/p>\n<\/p><\/div>\n<div class=\"items\">\n<p> <span>\u2022<\/span> Conflictos no tradicionales<\/p>\n<\/p><\/div>\n<div class=\"items\">\n<p> <span>\u2022<\/span> Sistema Militar Argentino<\/p>\n<\/p><\/div>\n<div class=\"items\">\n<p> <span>\u2022<\/span> Problem\u00e1tica de la Defensa en Am\u00e9rica del Sur<\/p>\n<\/p><\/div>\n<div class=\"items\">\n<p> <span>\u2022<\/span> Historia del Pensamiento Estrat\u00e9gico Militar<\/p>\n<\/p><\/div>\n<div class=\"items\">\n<p> <span>\u2022<\/span> Complejo Digital y la Defensa Nacional<\/p>\n<\/p><\/div>\n<div class=\"items\">\n<p> <span>\u2022<\/span> Recursos e Intereses Estrat\u00e9gicos Nacionales<\/p>\n<\/p><\/div>\n<div class=\"items\">\n<p> <span>\u2022<\/span> Pol\u00edtica y Gesti\u00f3n P\u00fablica de la Defensa<\/p>\n<\/p><\/div>\n<div class=\"items\">\n<p> <span>\u2022<\/span> Malvinas, Atl\u00e1ntico Sur y Ant\u00e1rtida<\/p>\n<\/p><\/div>\n<div class=\"items\">\n<p> <span>\u2022<\/span> Econom\u00eda de la Defensa<\/p>\n<\/p><\/div>\n<div class=\"items\">\n<p> <span>\u2022<\/span> Geopol\u00edtica del Siglo XXI<\/p>\n<\/p><\/div>\n<div class=\"items\">\n<p> <span>\u2022<\/span> Inteligencia Estrat\u00e9gica<\/p>\n<\/p><\/div>\n<div class=\"items\">\n<p> <span>\u2022<\/span> Historia de los Conflictos Armados<\/p>\n<\/p><\/div>\n<\/p><\/div>\n<div class=\"ejes\">\n<h5> <span>Eje 2:<\/span> Pol\u00edtica Internacional y Escenarios estrat\u00e9gicos<\/h5>\n<div class=\"items\">\n<p> <span>\u2022<\/span> Pol\u00edticas y Estrategias de Defensa Comparada<\/p>\n<\/p><\/div>\n<div class=\"items\">\n<p> <span>\u2022<\/span> Pol\u00edtica y Gesti\u00f3n P\u00fablica de la Defensa<\/p>\n<\/p><\/div>\n<div class=\"items\">\n<p> <span>\u2022<\/span> Geopol\u00edtica del Siglo XXI<\/p>\n<\/p><\/div>\n<div class=\"items\">\n<p> <span>\u2022<\/span> Defensa y Escenarios Contempor\u00e1neos<\/p>\n<\/p><\/div>\n<div class=\"items\">\n<p> <span>\u2022<\/span> Inteligencia Estrat\u00e9gica<\/p>\n<\/p><\/div>\n<div class=\"items\">\n<p> <span>\u2022<\/span> Problem\u00e1tica de la Defensa en Am\u00e9rica del Sur<\/p>\n<\/p><\/div>\n<div class=\"items\">\n<p> <span>\u2022<\/span> Historia de los Conflictos Armados<\/p>\n<\/p><\/div>\n<div class=\"items\">\n<p> <span>\u2022<\/span> Complejo Digital y la Defensa Nacional<\/p>\n<\/p><\/div>\n<\/p><\/div>\n<div class=\"ejes\">\n<h5> <span>Eje 3:<\/span> Ciencia, Tecnolog\u00eda y Producci\u00f3n para la Defensa y el Instrumento Militar<\/h5>\n<div class=\"items\">\n<p> <span>\u2022<\/span> Pol\u00edticas y Estrategias de Defensa Comparada<\/p>\n<\/p><\/div>\n<div class=\"items\">\n<p> <span>\u2022<\/span> Industria para la Defensa<\/p>\n<\/p><\/div>\n<div class=\"items\">\n<p> <span>\u2022<\/span> Complejo digital y la Defensa Nacional<\/p>\n<\/p><\/div>\n<div class=\"items\">\n<p> <span>\u2022<\/span> Recursos e Intereses Estrat\u00e9gicos Nacionales<\/p>\n<\/p><\/div>\n<div class=\"items\">\n<p> <span>\u2022<\/span> Pol\u00edtica y Gesti\u00f3n P\u00fablica de la Defensa<\/p>\n<\/p><\/div>\n<div class=\"items\">\n<p> <span>\u2022<\/span> Conocimientos Espec\u00edficos de los Armamentos<\/p>\n<\/p><\/div>\n<div class=\"items\">\n<p> <span>\u2022<\/span> Econom\u00eda de la Defensa<\/p>\n<\/p><\/div>\n<div class=\"items\">\n<p> <span>\u2022<\/span> Ciencia, Tecnolog\u00eda e Innovaci\u00f3n para la Defensa<\/p>\n<\/p><\/div>\n<div class=\"items\">\n<p> <span>\u2022<\/span> Seminario de Pol\u00edticas Cient\u00edficas<\/p>\n<\/p><\/div>\n<div class=\"items\">\n<p> <span>\u2022<\/span> Sistemas de Armas<\/p>\n<\/p><\/div>\n<div class=\"items\">\n<p> <span>\u2022<\/span> Producci\u00f3n para la Defensa y el Autoabastecimiento<\/p>\n<\/p><\/div>\n<\/p><\/div>\n<\/p><\/div>\n<div class=\"barra-dorada\"><\/div>\n<\/p><\/div>\n<div id=\"cuerpo-docente\" class=\"seccion\">\n<div class=\"titulo\">\n<h3> Director acad\u00e9mico del Doctorado<\/h3>\n<\/p><\/div>\n<div class=\"items\">\n<div class=\"item\" style=\"position: relative; z-index: 1;\">\n<div class=\"img\"> <img decoding=\"async\" src=\"https:\/\/www.undef.edu.ar\/wp-content\/uploads\/2019\/05\/icono.png\" alt=\"\"><\/div>\n<div class=\"docente\">\n<p> Dr. Luciano Anzelini<\/p>\n<\/p><\/div>\n<\/p><\/div>\n<div class=\"bloqueSpeaker\">\n<p style=\"font-family: 'Open Sans',sans-serif; font-size: 12px; line-height: 19px; letter-spacing: 0.65px; color: #4D4D4D;\">Doctor de la Universidad de Buenos Aires en Ciencias Sociales (UBA 2019). Mag\u00edster en Estudios Internacionales (Universidad Torcuato Di Tella 2008). Licenciado en Ciencia Pol\u00edtica (UBA 2004). Sus tesis de maestr\u00eda y doctorado \u2013enfocadas en el fen\u00f3meno del imperialismo y el papel de los Estados Unidos a nivel global y en Am\u00e9rica Latina\u2013 fueron dirigidas por el Dr. Roberto Russell. Actualmente es Profesor Adjunto del \u00e1rea de Estudios Internacionales de la Universidad Nacional de San Mart\u00edn y Profesor Adjunto e Investigador de las universidades nacionales de Buenos Aires y Quilmes. Tambi\u00e9n es Profesor Invitado del programa de Maestr\u00eda\/Doctorado en Estudios Internacionales de la Universidad Torcuato Di Tella. En el \u00e1mbito de la gesti\u00f3n p\u00fablica, se desempe\u00f1a como Director Nacional de Planeamiento y Estrategia del Ministerio de Defensa desde el 10 de diciembre de 2019 y ha sido asesor de la presidenta de la Comisi\u00f3n de Defensa Nacional de la Honorable C\u00e1mara de Diputados de la Naci\u00f3n (2015-2019).<\/p>\n<\/p><\/div>\n<\/p><\/div>\n<\/p><\/div>\n<\/div>\n","protected":false},"excerpt":{"rendered":"<p>Modalidad: Presencial Duraci\u00f3n: 3 a\u00f1os Arancelado Para mayor informaci\u00f3n consultar a: doctorado@undef.edu.ar Requisitos de Ingreso Para solicitar la admisi\u00f3n a la Carrera de Doctorado el aspirante debe encontrarse en alguna de las siguientes condiciones: a. Ser graduado de la UNDEF, con t\u00edtulo correspondiente a una carrera de grado de cuatro a\u00f1os de duraci\u00f3n como m\u00ednimo. &hellip; <a href=\"https:\/\/www.undef.edu.ar\/bkp-web\/doctorado-en-defensa\/\" class=\"more-link\">Continuar leyendo<span class=\"screen-reader-text\"> \u00abDoctorado en Defensa\u00bb<\/span><\/a><\/p>\n","protected":false},"author":1,"featured_media":0,"parent":0,"menu_order":0,"comment_status":"closed","ping_status":"closed","template":"templates\/seccion_generica.php","meta":{"_acf_changed":false,"footnotes":""},"acf":[],"_links":{"self":[{"href":"https:\/\/www.undef.edu.ar\/bkp-web\/wp-json\/wp\/v2\/pages\/4909"}],"collection":[{"href":"https:\/\/www.undef.edu.ar\/bkp-web\/wp-json\/wp\/v2\/pages"}],"about":[{"href":"https:\/\/www.undef.edu.ar\/bkp-web\/wp-json\/wp\/v2\/types\/page"}],"author":[{"embeddable":true,"href":"https:\/\/www.undef.edu.ar\/bkp-web\/wp-json\/wp\/v2\/users\/1"}],"replies":[{"embeddable":true,"href":"https:\/\/www.undef.edu.ar\/bkp-web\/wp-json\/wp\/v2\/comments?post=4909"}],"version-history":[{"count":16,"href":"https:\/\/www.undef.edu.ar\/bkp-web\/wp-json\/wp\/v2\/pages\/4909\/revisions"}],"predecessor-version":[{"id":8171,"href":"https:\/\/www.undef.edu.ar\/bkp-web\/wp-json\/wp\/v2\/pages\/4909\/revisions\/8171"}],"wp:attachment":[{"href":"https:\/\/www.undef.edu.ar\/bkp-web\/wp-json\/wp\/v2\/media?parent=4909"}],"curies":[{"name":"wp","href":"https:\/\/api.w.org\/{rel}","templated":true}]}}