{"id":268,"date":"2016-01-26T14:07:21","date_gmt":"2016-01-26T17:07:21","guid":{"rendered":"http:\/\/192.232.253.116\/~uv9013\/?page_id=268"},"modified":"2017-11-24T16:33:30","modified_gmt":"2017-11-24T19:33:30","slug":"vinculacion-y-transferencia","status":"publish","type":"page","link":"https:\/\/www.undef.edu.ar\/bkp-web\/extension\/vinculacion-y-transferencia\/","title":{"rendered":"Vinculaci\u00f3n y transferencia"},"content":{"rendered":"<div class=\"columna izq\">\n<p>La pol\u00edtica de <strong>vinculaci\u00f3n y transferencia<\/strong> de la <span style=\"color: #37BBED;\"><strong>UNDEF<\/strong><\/span> proporcionar\u00e1 servicios internos, dirigidos a fomentar la articulaci\u00f3n interna y potenciar las capacidades de su propia comunidad de docentes e investigadores, entre los que podemos destacar los siguientes:<\/p>\n<ul>\n<li>Creaci\u00f3n de empresas de base tecnol\u00f3gica<\/li>\n<li>Dise\u00f1o de servicios para la industria y la academia<\/li>\n<li>Desarrollo de productos<\/li>\n<li>Asistencia legal y t\u00e9cnica para la protecci\u00f3n de la propiedad intelectual<\/li>\n<li>Conformaci\u00f3n de una Unidad de Vinculaci\u00f3n Tecnol\u00f3gica (UVT).<\/li>\n<\/ul>\n<div class=\"separacion\"><\/div>\n<p>Entre los actores estrat\u00e9gicos de la pol\u00edtica de vinculaci\u00f3n y transferencia de la <span style=\"color: #37BBED;\"><strong>UNDEF<\/strong><\/span>, cabe destacar que la nueva Universidad hereda de las instituciones preexistentes que la componen, y del sistema educativo y de investigaci\u00f3n de la Defensa en general, un importante conjunto de <strong>convenios de cooperaci\u00f3n institucional<\/strong>, algunos de los cu\u00e1les deber\u00e1n ser adaptados o actualizados en el marco de la nueva universidad, y otros deber\u00e1n ser directamente reformulados atendiendo a las regulaciones y estatutos de la <span style=\"color: #37BBED;\"><strong>UNDEF<\/strong><\/span>. Entre los actores estrat\u00e9gicos claves podemos mencionar a:<\/p>\n<p>\t<img decoding=\"async\" src=\"https:\/\/www.undef.edu.ar\/wp-content\/uploads\/2016\/01\/foto02.jpg\" alt=\"\" \/><\/p>\n<\/div>\n<div class=\"columna der\">\n<ol type=\"a\">\n<li>Ministerio de Defensa.<\/li>\n<li>Empresas del sector de la Defensa: de la misma forma, una de las asociaciones m\u00e1s importantes de la UNDEF ser\u00e1 con el complejo industrial de la Defensa, compuesto por empresas como Fabricaciones Militares, TANDANOR y el Complejo Industrial Naval Argentino &#8211; CINAR, la F\u00e1brica Argentina de Aviones &#8211; FADEA, INVAP y otras organizaciones con las que la UNDEF podr\u00e1 firmar convenios de cooperaci\u00f3n acad\u00e9mica, investigaci\u00f3n, transferencia, capacitaci\u00f3n y servicios.<\/li>\n<li>Empresas estrat\u00e9gicas del Estado nacional: como Yacimientos Petrol\u00edferos Fiscales, Aerol\u00edneas Argentinas, Ferrocarriles Argentinos, ENARSA, AYSA, Entidad Binacional Yacyret\u00e1 y otras empresas del sector de recursos naturales, servicios p\u00fablicos, energ\u00eda, transporte y log\u00edstica.<\/li>\n<li>Empresas industriales y sectores productivos complementarios a la UNDEF: de la misma forma, y a partir de la identificaci\u00f3n de los productos y servicios que surjan de la generaci\u00f3n de conocimiento de las unidades ejecutoras de la UNDEF, se buscar\u00e1 el establecimiento de relaciones estrat\u00e9gicas y convenios de cooperaci\u00f3n con empresas industriales y de servicios, entidades profesionales, organizaciones de trabajadores y toda instituci\u00f3n demandante de su amplia variedad de productos y servicios potenciales.<\/li>\n<li>Sistema cient\u00edfico &#8211; tecnol\u00f3gico nacional y centros de estudios e investigaciones: el Ministerio de Defensa cuenta con una relaci\u00f3n con el CONICET, el MINCyT, el Ministerio de Educaci\u00f3n y las \u00e1reas de investigaci\u00f3n de los diferentes ministerios y agencias dependientes del Poder Ejecutivo Nacional y los gobiernos subnacionales.<\/li>\n<li>Redes e instituciones internacionales y acad\u00e9micas de la Defensa, y universidades argentinas y extranjeras: en el mencionado marco de integraci\u00f3n regional e inserci\u00f3n multipolar de la pol\u00edtica de Defensa, la UNDEF integra en forma natural una red de iniciativas e instituciones de cooperaci\u00f3n. Entre ellas, podemos destacar la recientemente creada Escuela Suramericana de Defensa (ESUDE), que ejecuta programas acad\u00e9micos y de capacitaci\u00f3n para personal militar y civil de los pa\u00edses integrantes y observadores de la UNASUR. Pero tambi\u00e9n la UNDEF integra, por herencia natural de sus instituciones preexistentes, un amplio conjunto de redes y convenios de cooperaci\u00f3n con instituciones hermanas en Am\u00e9rica del Sur, Am\u00e9rica Latina y el Caribe, Iberoam\u00e9rica y el plano internacional extra regional. Una misi\u00f3n de la pol\u00edtica de vinculaci\u00f3n y transferencia de la UNDEF ser\u00e1 potenciar todas estas relaciones dentro de su \u00e1rea de incumbencia. Un cap\u00edtulo aparte merece la constituci\u00f3n de redes y convenios con las universidades nacionales y privadas de nuestro pa\u00eds, la regi\u00f3n y el mundo, que son actores centrales de la cooperaci\u00f3n institucional de toda universidad.<\/li>\n<li>Ministerios de Defensa extranjeros: en forma complementaria con el objetivo anterior, y con la existencia de redes de integraci\u00f3n mutua, se buscar\u00e1 la firma de convenios bilaterales con los Ministerios de Defensa de otros pa\u00edses para fomentar los intercambios de docentes y estudiantes, y la realizaci\u00f3n de proyectos de investigaci\u00f3n conjunta.<\/li>\n<\/ol>\n<\/div>\n<div class=\"clear\"><\/div>\n","protected":false},"excerpt":{"rendered":"<p>La pol\u00edtica de vinculaci\u00f3n y transferencia de la UNDEF proporcionar\u00e1 servicios internos, dirigidos a fomentar la articulaci\u00f3n interna y potenciar las capacidades de su propia comunidad de docentes e investigadores, entre los que podemos destacar los siguientes: Creaci\u00f3n de empresas de base tecnol\u00f3gica Dise\u00f1o de servicios para la industria y la academia Desarrollo de productos &hellip; <a href=\"https:\/\/www.undef.edu.ar\/bkp-web\/extension\/vinculacion-y-transferencia\/\" class=\"more-link\">Continuar leyendo<span class=\"screen-reader-text\"> \u00abVinculaci\u00f3n y transferencia\u00bb<\/span><\/a><\/p>\n","protected":false},"author":1,"featured_media":0,"parent":260,"menu_order":0,"comment_status":"closed","ping_status":"closed","template":"","meta":{"_acf_changed":false,"footnotes":""},"acf":[],"_links":{"self":[{"href":"https:\/\/www.undef.edu.ar\/bkp-web\/wp-json\/wp\/v2\/pages\/268"}],"collection":[{"href":"https:\/\/www.undef.edu.ar\/bkp-web\/wp-json\/wp\/v2\/pages"}],"about":[{"href":"https:\/\/www.undef.edu.ar\/bkp-web\/wp-json\/wp\/v2\/types\/page"}],"author":[{"embeddable":true,"href":"https:\/\/www.undef.edu.ar\/bkp-web\/wp-json\/wp\/v2\/users\/1"}],"replies":[{"embeddable":true,"href":"https:\/\/www.undef.edu.ar\/bkp-web\/wp-json\/wp\/v2\/comments?post=268"}],"version-history":[{"count":12,"href":"https:\/\/www.undef.edu.ar\/bkp-web\/wp-json\/wp\/v2\/pages\/268\/revisions"}],"predecessor-version":[{"id":3145,"href":"https:\/\/www.undef.edu.ar\/bkp-web\/wp-json\/wp\/v2\/pages\/268\/revisions\/3145"}],"up":[{"embeddable":true,"href":"https:\/\/www.undef.edu.ar\/bkp-web\/wp-json\/wp\/v2\/pages\/260"}],"wp:attachment":[{"href":"https:\/\/www.undef.edu.ar\/bkp-web\/wp-json\/wp\/v2\/media?parent=268"}],"curies":[{"name":"wp","href":"https:\/\/api.w.org\/{rel}","templated":true}]}}