{"id":266,"date":"2016-01-26T14:05:26","date_gmt":"2016-01-26T17:05:26","guid":{"rendered":"http:\/\/192.232.253.116\/~uv9013\/?page_id=266"},"modified":"2016-03-08T14:40:15","modified_gmt":"2016-03-08T17:40:15","slug":"programas","status":"publish","type":"page","link":"https:\/\/www.undef.edu.ar\/bkp-web\/extension\/programas\/","title":{"rendered":"Programas"},"content":{"rendered":"<div class=\"columna izq\">\n<ul>\n<li><strong>Programa de Federalizaci\u00f3n:<\/strong><em>El programa de Federalizaci\u00f3n<\/em> consiste en latransferencia por medio de ofertas acad\u00e9micas de extensi\u00f3n para p\u00fablico no especializado de las principales pol\u00edticas de Defensa y las l\u00edneas de Investigaci\u00f3n de la UNDEF. Ya sea mediante educaci\u00f3n a distancia o mediante la producci\u00f3n de cursos y jornadas en distintas zonas del pa\u00eds, se pretende federalizar las discusiones y complejizarlas con las miradas y experiencias locales que conforman el territorio Nacional y Regional. Los contenidos sustantivos que compongan estas instancias de extensi\u00f3n han de contemplar tanto las demandas y disposiciones locales como los principales ejes que conforman la pol\u00edtica de Defensa que pueden ser de inter\u00e9s y verse nutrido por p\u00fablico no especializado. Las l\u00edneas priorizadas conforme a los lineamientos acad\u00e9micos y pol\u00edticas de Defensa son:Derechos Humanos, de G\u00e9nero y Derecho Internacional Humanitario; Biodiversidad, Recursos Naturales y Estrat\u00e9gicos; Relevancia Geopol\u00edtica de Ant\u00e1rtida, Malvinas y Atl\u00e1ntico Sur, Emergencias y cat\u00e1strofes naturales y antr\u00f3picas.<\/li>\n<li><strong>Integraci\u00f3n Regional y Relaciones Sur \u2013 Sur<\/strong><strong>:<\/strong> Este programa tiene como objetivo la vinculaci\u00f3n con distintos actores sociales y organismos p\u00fablicos y privados para la conformaci\u00f3n de espacios de producci\u00f3n y socializaci\u00f3n de materiales como publicaciones y jornadas orientadas a la reflexi\u00f3n de actualidad geopol\u00edtica y producci\u00f3n de doctrina en el hemisferio sur;<\/li>\n<\/ul>\n<\/div>\n<div class=\"columna der\">\n<ul>\n<li><strong>Arte, Historia y Tradiciones de las Fuerzas Armadas<\/strong><strong>:<\/strong> Este programa tiene como objetivo dar a conocer a la comunidad la historia del devenir de las Fuerzas Armadas y la Defensa en todos sus \u00e1mbitos: operativos, estrat\u00e9gicos, recursos humanos y materiales, educaci\u00f3n; difundir las t\u00e9cnicas y conocimientos propios de las Fuerzas armadas como la navegaci\u00f3n a\u00e9rea y mar\u00edtima, las distintas armas, las sinf\u00f3nicas y orquestas, etc. La difusi\u00f3n de estos conocimientos pueden resultar de inter\u00e9s para diversos espacios p\u00fablicos y privados.<\/li>\n<li><strong>Misiones de paz y protecci\u00f3n ciudadana en escenarios b\u00e9lico<\/strong>:Este programa tiene por objetivo difundir la participaci\u00f3n del personal de las Fuerzas Armadas destinados en Misiones de Paz por mandato de la Organizaci\u00f3n de las Naciones Unidas. La transferencia de estas experiencias aporta elementos de an\u00e1lisis en diversos espacios p\u00fablicos y privados.<\/li>\n<li><strong>El Liderazgo en situaciones de Emergencia, Conflicto o crisis<\/strong><strong>:<\/strong> El objetivo de este programa es transferir\/compartir los conocimientos, experiencias y desarrollos tecnol\u00f3gicos como software elaborados sobre la necesidad de la continua mejora y optimizaci\u00f3n del liderazgo. La transferencia de estos conocimientos y desarrollos aporta elementos de an\u00e1lisis en diversos espacios p\u00fablicos y privados.<\/li>\n<\/ul>\n<\/div>\n<div class=\"clear\"><\/div>\n","protected":false},"excerpt":{"rendered":"<p>Programa de Federalizaci\u00f3n:El programa de Federalizaci\u00f3n consiste en latransferencia por medio de ofertas acad\u00e9micas de extensi\u00f3n para p\u00fablico no especializado de las principales pol\u00edticas de Defensa y las l\u00edneas de Investigaci\u00f3n de la UNDEF. Ya sea mediante educaci\u00f3n a distancia o mediante la producci\u00f3n de cursos y jornadas en distintas zonas del pa\u00eds, se pretende &hellip; <a href=\"https:\/\/www.undef.edu.ar\/bkp-web\/extension\/programas\/\" class=\"more-link\">Continuar leyendo<span class=\"screen-reader-text\"> \u00abProgramas\u00bb<\/span><\/a><\/p>\n","protected":false},"author":1,"featured_media":0,"parent":260,"menu_order":0,"comment_status":"closed","ping_status":"closed","template":"","meta":{"_acf_changed":false,"footnotes":""},"acf":[],"_links":{"self":[{"href":"https:\/\/www.undef.edu.ar\/bkp-web\/wp-json\/wp\/v2\/pages\/266"}],"collection":[{"href":"https:\/\/www.undef.edu.ar\/bkp-web\/wp-json\/wp\/v2\/pages"}],"about":[{"href":"https:\/\/www.undef.edu.ar\/bkp-web\/wp-json\/wp\/v2\/types\/page"}],"author":[{"embeddable":true,"href":"https:\/\/www.undef.edu.ar\/bkp-web\/wp-json\/wp\/v2\/users\/1"}],"replies":[{"embeddable":true,"href":"https:\/\/www.undef.edu.ar\/bkp-web\/wp-json\/wp\/v2\/comments?post=266"}],"version-history":[{"count":6,"href":"https:\/\/www.undef.edu.ar\/bkp-web\/wp-json\/wp\/v2\/pages\/266\/revisions"}],"predecessor-version":[{"id":438,"href":"https:\/\/www.undef.edu.ar\/bkp-web\/wp-json\/wp\/v2\/pages\/266\/revisions\/438"}],"up":[{"embeddable":true,"href":"https:\/\/www.undef.edu.ar\/bkp-web\/wp-json\/wp\/v2\/pages\/260"}],"wp:attachment":[{"href":"https:\/\/www.undef.edu.ar\/bkp-web\/wp-json\/wp\/v2\/media?parent=266"}],"curies":[{"name":"wp","href":"https:\/\/api.w.org\/{rel}","templated":true}]}}