{"id":264,"date":"2016-01-26T14:03:58","date_gmt":"2016-01-26T17:03:58","guid":{"rendered":"http:\/\/192.232.253.116\/~uv9013\/?page_id=264"},"modified":"2024-04-12T23:44:14","modified_gmt":"2024-04-13T02:44:14","slug":"lineas-de-accion","status":"publish","type":"page","link":"https:\/\/www.undef.edu.ar\/bkp-web\/extension\/lineas-de-accion\/","title":{"rendered":"L\u00edneas de acci\u00f3n"},"content":{"rendered":"<div class=\"columna izq\">\n\t<img decoding=\"async\" src=\"https:\/\/www.undef.edu.ar\/wp-content\/uploads\/2016\/01\/foto07.jpg\" \/>\n<\/div>\n<div class=\"columna der\">\n<ul>\n<li>Apoyo a Prensa y Difusi\u00f3n<\/li>\n<li>Promoci\u00f3n de Actividades Culturales<\/li>\n<li>Gesti\u00f3n de Proyectos<\/li>\n<li>Bienestar Universitario<\/li>\n<li>Becas<\/li>\n<li>Recreaci\u00f3n y Deportes<\/li>\n<li>Gesti\u00f3n Cultural<\/li>\n<li>Centro de Producci\u00f3n Audiovisual<\/li>\n<li>Capacitaciones extracurriculares<\/li>\n<li>Cooperaci\u00f3n con las \u00e1reas de investigaci\u00f3n y acad\u00e9mica<\/li>\n<\/ul>\n<\/div>\n<div class=\"clear\"><\/div>\n","protected":false},"excerpt":{"rendered":"<p>Apoyo a Prensa y Difusi\u00f3n Promoci\u00f3n de Actividades Culturales Gesti\u00f3n de Proyectos Bienestar Universitario Becas Recreaci\u00f3n y Deportes Gesti\u00f3n Cultural Centro de Producci\u00f3n Audiovisual Capacitaciones extracurriculares Cooperaci\u00f3n con las \u00e1reas de investigaci\u00f3n y acad\u00e9mica<\/p>\n","protected":false},"author":1,"featured_media":0,"parent":260,"menu_order":0,"comment_status":"closed","ping_status":"closed","template":"","meta":{"_acf_changed":false,"footnotes":""},"acf":[],"_links":{"self":[{"href":"https:\/\/www.undef.edu.ar\/bkp-web\/wp-json\/wp\/v2\/pages\/264"}],"collection":[{"href":"https:\/\/www.undef.edu.ar\/bkp-web\/wp-json\/wp\/v2\/pages"}],"about":[{"href":"https:\/\/www.undef.edu.ar\/bkp-web\/wp-json\/wp\/v2\/types\/page"}],"author":[{"embeddable":true,"href":"https:\/\/www.undef.edu.ar\/bkp-web\/wp-json\/wp\/v2\/users\/1"}],"replies":[{"embeddable":true,"href":"https:\/\/www.undef.edu.ar\/bkp-web\/wp-json\/wp\/v2\/comments?post=264"}],"version-history":[{"count":6,"href":"https:\/\/www.undef.edu.ar\/bkp-web\/wp-json\/wp\/v2\/pages\/264\/revisions"}],"predecessor-version":[{"id":12464,"href":"https:\/\/www.undef.edu.ar\/bkp-web\/wp-json\/wp\/v2\/pages\/264\/revisions\/12464"}],"up":[{"embeddable":true,"href":"https:\/\/www.undef.edu.ar\/bkp-web\/wp-json\/wp\/v2\/pages\/260"}],"wp:attachment":[{"href":"https:\/\/www.undef.edu.ar\/bkp-web\/wp-json\/wp\/v2\/media?parent=264"}],"curies":[{"name":"wp","href":"https:\/\/api.w.org\/{rel}","templated":true}]}}