{"id":262,"date":"2016-01-26T14:01:19","date_gmt":"2016-01-26T17:01:19","guid":{"rendered":"http:\/\/192.232.253.116\/~uv9013\/?page_id=262"},"modified":"2024-04-12T23:39:16","modified_gmt":"2024-04-13T02:39:16","slug":"fundamentacion","status":"publish","type":"page","link":"https:\/\/www.undef.edu.ar\/bkp-web\/extension\/fundamentacion\/","title":{"rendered":"Fundamentaci\u00f3n"},"content":{"rendered":"<div class=\"columna izq\">\n<p><img decoding=\"async\" src=\"https:\/\/www.undef.edu.ar\/wp-content\/uploads\/2016\/01\/popupFacultadArmada.jpg\" alt=\"\" \/><\/p>\n<p>El \u00e1rea de Extensi\u00f3n de la <span style=\"color: #37BBED;\"><strong>Universidad de la Defensa Nacional<\/strong><\/span> (UNDEF) es concebida como el \u00e1mbito de transferencia de conocimientos e interacci\u00f3n con la sociedad, comprendiendo todos los servicios universitarios vinculados con el entorno social (servicios de consultor\u00eda, asesor\u00edas, asociaciones, proyecci\u00f3n social, comunicaci\u00f3n institucional). Es funci\u00f3n sustantiva de la actividad universitaria, dinamizadora de la docencia y la investigaci\u00f3n a trav\u00e9s de cursos, programas y proyectos.<\/p>\n<\/div>\n<div class=\"columna der\">\n<p>Teniendo en cuenta el car\u00e1cter federal del emplazamiento de la <span style=\"color: #37BBED;\"><strong>UNDEF<\/strong><\/span> y su proyecci\u00f3n internacional, la actividad de extensi\u00f3n debe prever tambi\u00e9n acciones tendientes a la capacitaci\u00f3n t\u00e9cnica y profesional en favor de quienes no son alumnos regulares de la universidad, orientados hacia <strong>a)<\/strong> la sensibilizaci\u00f3n ciudadana respecto de los temas que hacen a la Defensa nacional y <strong>b)<\/strong> la promoci\u00f3n de pr\u00e1cticas de articulaci\u00f3n social e institucional que nutran la Universidad de contenido desde la elaboraci\u00f3n de trabajos transdisciplinarios sobre tem\u00e1ticas estrat\u00e9gicas con instituciones, organizaciones y con otras \u00e1reas del sistema p\u00fablico nacional. De modo que asegure la difusi\u00f3n y transferencia de los conocimientos que se generan en el \u00e1mbito de la Universidad, promoviendo una sinergia entre la calidad y pertinencia de la oferta con las demandas de la sociedad en su conjunto y del Estado Argentino.<\/p>\n<\/div>\n<div class=\"clear\"><\/div>\n","protected":false},"excerpt":{"rendered":"<p>El \u00e1rea de Extensi\u00f3n de la Universidad de la Defensa Nacional (UNDEF) es concebida como el \u00e1mbito de transferencia de conocimientos e interacci\u00f3n con la sociedad, comprendiendo todos los servicios universitarios vinculados con el entorno social (servicios de consultor\u00eda, asesor\u00edas, asociaciones, proyecci\u00f3n social, comunicaci\u00f3n institucional). Es funci\u00f3n sustantiva de la actividad universitaria, dinamizadora de la &hellip; <a href=\"https:\/\/www.undef.edu.ar\/bkp-web\/extension\/fundamentacion\/\" class=\"more-link\">Continuar leyendo<span class=\"screen-reader-text\"> \u00abFundamentaci\u00f3n\u00bb<\/span><\/a><\/p>\n","protected":false},"author":1,"featured_media":0,"parent":260,"menu_order":0,"comment_status":"closed","ping_status":"closed","template":"","meta":{"_acf_changed":false,"footnotes":""},"acf":[],"_links":{"self":[{"href":"https:\/\/www.undef.edu.ar\/bkp-web\/wp-json\/wp\/v2\/pages\/262"}],"collection":[{"href":"https:\/\/www.undef.edu.ar\/bkp-web\/wp-json\/wp\/v2\/pages"}],"about":[{"href":"https:\/\/www.undef.edu.ar\/bkp-web\/wp-json\/wp\/v2\/types\/page"}],"author":[{"embeddable":true,"href":"https:\/\/www.undef.edu.ar\/bkp-web\/wp-json\/wp\/v2\/users\/1"}],"replies":[{"embeddable":true,"href":"https:\/\/www.undef.edu.ar\/bkp-web\/wp-json\/wp\/v2\/comments?post=262"}],"version-history":[{"count":9,"href":"https:\/\/www.undef.edu.ar\/bkp-web\/wp-json\/wp\/v2\/pages\/262\/revisions"}],"predecessor-version":[{"id":12458,"href":"https:\/\/www.undef.edu.ar\/bkp-web\/wp-json\/wp\/v2\/pages\/262\/revisions\/12458"}],"up":[{"embeddable":true,"href":"https:\/\/www.undef.edu.ar\/bkp-web\/wp-json\/wp\/v2\/pages\/260"}],"wp:attachment":[{"href":"https:\/\/www.undef.edu.ar\/bkp-web\/wp-json\/wp\/v2\/media?parent=262"}],"curies":[{"name":"wp","href":"https:\/\/api.w.org\/{rel}","templated":true}]}}