{"id":256,"date":"2016-01-25T17:54:55","date_gmt":"2016-01-25T20:54:55","guid":{"rendered":"http:\/\/192.232.253.116\/~uv9013\/?page_id=256"},"modified":"2024-04-12T23:42:36","modified_gmt":"2024-04-13T02:42:36","slug":"lineas-de-investigacion","status":"publish","type":"page","link":"https:\/\/www.undef.edu.ar\/bkp-web\/investigacion\/lineas-de-investigacion\/","title":{"rendered":"L\u00edneas de investigaci\u00f3n"},"content":{"rendered":"<div class=\"columna izq\">\n\t<img decoding=\"async\" src=\"https:\/\/www.undef.edu.ar\/wp-content\/uploads\/2016\/01\/08.jpg\" alt=\"\" \/>\n<\/div>\n<div class=\"columna der\">\n<p>De acuerdo a los lineamientos fijados por la <strong>Pol\u00edtica de Defensa<\/strong> y con arreglo a los objetivos institucionales de la <span style=\"color: #37BBED;\"><strong>Universidad de la Defensa Nacional<\/strong><\/span>, las siguientes \u00e1reas ser\u00e1n consideradas prioritarias para la formulaci\u00f3n de los programas de investigaci\u00f3n:<\/p>\n<ul>\n<li>Recursos naturales estrat\u00e9gicos;<\/li>\n<li>Ciencia, tecnolog\u00eda y producci\u00f3n para la Defensa;<\/li>\n<li>CiberDefensa.<\/li>\n<li>Ciencias sociales aplicadas a la Defensa.<\/li>\n<li>Intereses Mar\u00edtimos y Defensa Nacional en el Atl\u00e1ntico Sur y la Ant\u00e1rtida.<\/li>\n<li>Intereses Aeroespaciales y Defensa Nacional.<\/li>\n<li>Estudios Estrat\u00e9gicos y Pol\u00edtica Internacional.<\/li>\n<li>Defensa y Estrategia en Am\u00e9rica del Sur.<\/li>\n<li>Opini\u00f3n p\u00fablica y Defensa.<\/li>\n<\/ul>\n<\/div>\n<div class=\"clear\"><\/div>\n","protected":false},"excerpt":{"rendered":"<p>De acuerdo a los lineamientos fijados por la Pol\u00edtica de Defensa y con arreglo a los objetivos institucionales de la Universidad de la Defensa Nacional, las siguientes \u00e1reas ser\u00e1n consideradas prioritarias para la formulaci\u00f3n de los programas de investigaci\u00f3n: Recursos naturales estrat\u00e9gicos; Ciencia, tecnolog\u00eda y producci\u00f3n para la Defensa; CiberDefensa. Ciencias sociales aplicadas a la &hellip; <a href=\"https:\/\/www.undef.edu.ar\/bkp-web\/investigacion\/lineas-de-investigacion\/\" class=\"more-link\">Continuar leyendo<span class=\"screen-reader-text\"> \u00abL\u00edneas de investigaci\u00f3n\u00bb<\/span><\/a><\/p>\n","protected":false},"author":1,"featured_media":0,"parent":252,"menu_order":0,"comment_status":"closed","ping_status":"closed","template":"","meta":{"_acf_changed":false,"footnotes":""},"acf":[],"_links":{"self":[{"href":"https:\/\/www.undef.edu.ar\/bkp-web\/wp-json\/wp\/v2\/pages\/256"}],"collection":[{"href":"https:\/\/www.undef.edu.ar\/bkp-web\/wp-json\/wp\/v2\/pages"}],"about":[{"href":"https:\/\/www.undef.edu.ar\/bkp-web\/wp-json\/wp\/v2\/types\/page"}],"author":[{"embeddable":true,"href":"https:\/\/www.undef.edu.ar\/bkp-web\/wp-json\/wp\/v2\/users\/1"}],"replies":[{"embeddable":true,"href":"https:\/\/www.undef.edu.ar\/bkp-web\/wp-json\/wp\/v2\/comments?post=256"}],"version-history":[{"count":9,"href":"https:\/\/www.undef.edu.ar\/bkp-web\/wp-json\/wp\/v2\/pages\/256\/revisions"}],"predecessor-version":[{"id":12462,"href":"https:\/\/www.undef.edu.ar\/bkp-web\/wp-json\/wp\/v2\/pages\/256\/revisions\/12462"}],"up":[{"embeddable":true,"href":"https:\/\/www.undef.edu.ar\/bkp-web\/wp-json\/wp\/v2\/pages\/252"}],"wp:attachment":[{"href":"https:\/\/www.undef.edu.ar\/bkp-web\/wp-json\/wp\/v2\/media?parent=256"}],"curies":[{"name":"wp","href":"https:\/\/api.w.org\/{rel}","templated":true}]}}