{"id":254,"date":"2016-01-25T17:53:20","date_gmt":"2016-01-25T20:53:20","guid":{"rendered":"http:\/\/192.232.253.116\/~uv9013\/?page_id=254"},"modified":"2024-04-12T23:40:52","modified_gmt":"2024-04-13T02:40:52","slug":"fundamentacion","status":"publish","type":"page","link":"https:\/\/www.undef.edu.ar\/bkp-web\/investigacion\/fundamentacion\/","title":{"rendered":"Fundamentaci\u00f3n"},"content":{"rendered":"<div class=\"columna izq\">\n<blockquote>\n<p>La Universidad jerarquizar\u00e1 las l\u00edneas prioritarias de investigaci\u00f3n establecidas por la pol\u00edtica de Defensa a trav\u00e9s de sus facultades y departamentos. Asimismo, privilegiar\u00e1 los agrupamientos por sobre los investigadores aislados, impulsando la formaci\u00f3n de recursos humanos para el desarrollo de la funci\u00f3n.<\/p>\n<\/blockquote>\n<p>Aunque la Universidad tiene sus propios mandatos y pol\u00edticas al igual que el sistema de ciencia, tecnolog\u00eda y producci\u00f3n, la coordinaci\u00f3n de los esfuerzos en pos de objetivos compartidos generar\u00e1 la multiplicaci\u00f3n de resultados positivos.<\/p>\n<\/div>\n<div class=\"columna der\">\n<p><img decoding=\"async\" src=\"https:\/\/www.undef.edu.ar\/wp-content\/uploads\/2024\/04\/Fundamentacion.jpg\" \/><\/p>\n<\/div>\n<div class=\"clear\"><\/div>\n","protected":false},"excerpt":{"rendered":"<p>La Universidad jerarquizar\u00e1 las l\u00edneas prioritarias de investigaci\u00f3n establecidas por la pol\u00edtica de Defensa a trav\u00e9s de sus facultades y departamentos. Asimismo, privilegiar\u00e1 los agrupamientos por sobre los investigadores aislados, impulsando la formaci\u00f3n de recursos humanos para el desarrollo de la funci\u00f3n. Aunque la Universidad tiene sus propios mandatos y pol\u00edticas al igual que el &hellip; <a href=\"https:\/\/www.undef.edu.ar\/bkp-web\/investigacion\/fundamentacion\/\" class=\"more-link\">Continuar leyendo<span class=\"screen-reader-text\"> \u00abFundamentaci\u00f3n\u00bb<\/span><\/a><\/p>\n","protected":false},"author":1,"featured_media":0,"parent":252,"menu_order":0,"comment_status":"closed","ping_status":"closed","template":"","meta":{"_acf_changed":false,"footnotes":""},"acf":[],"_links":{"self":[{"href":"https:\/\/www.undef.edu.ar\/bkp-web\/wp-json\/wp\/v2\/pages\/254"}],"collection":[{"href":"https:\/\/www.undef.edu.ar\/bkp-web\/wp-json\/wp\/v2\/pages"}],"about":[{"href":"https:\/\/www.undef.edu.ar\/bkp-web\/wp-json\/wp\/v2\/types\/page"}],"author":[{"embeddable":true,"href":"https:\/\/www.undef.edu.ar\/bkp-web\/wp-json\/wp\/v2\/users\/1"}],"replies":[{"embeddable":true,"href":"https:\/\/www.undef.edu.ar\/bkp-web\/wp-json\/wp\/v2\/comments?post=254"}],"version-history":[{"count":11,"href":"https:\/\/www.undef.edu.ar\/bkp-web\/wp-json\/wp\/v2\/pages\/254\/revisions"}],"predecessor-version":[{"id":12459,"href":"https:\/\/www.undef.edu.ar\/bkp-web\/wp-json\/wp\/v2\/pages\/254\/revisions\/12459"}],"up":[{"embeddable":true,"href":"https:\/\/www.undef.edu.ar\/bkp-web\/wp-json\/wp\/v2\/pages\/252"}],"wp:attachment":[{"href":"https:\/\/www.undef.edu.ar\/bkp-web\/wp-json\/wp\/v2\/media?parent=254"}],"curies":[{"name":"wp","href":"https:\/\/api.w.org\/{rel}","templated":true}]}}