{"id":244,"date":"2016-01-25T17:03:53","date_gmt":"2016-01-25T20:03:53","guid":{"rendered":"http:\/\/192.232.253.116\/~uv9013\/?page_id=244"},"modified":"2017-11-24T16:30:51","modified_gmt":"2017-11-24T19:30:51","slug":"politica-academica","status":"publish","type":"page","link":"https:\/\/www.undef.edu.ar\/bkp-web\/academica\/politica-academica\/","title":{"rendered":"Pol\u00edtica acad\u00e9mica"},"content":{"rendered":"<div class=\"columna izq\">\n<p>La formaci\u00f3n militar es un proceso integral, gradual y de perfeccionamiento continuo que tiende al desarrollo de competencias personales y militares para un desempe\u00f1o eficaz de la profesi\u00f3n. Esta perspectiva tiene implicancias centrales para la consideraci\u00f3n de los planes de estudio, el proceso de formaci\u00f3n y los perfiles y formas de trabajo de los cuerpos docentes, de los cuales los instructores forman parte.<\/p>\n<p>A este respecto, la pol\u00edtica acad\u00e9mica de la UNDEF adopta un modelo de formaci\u00f3n basado en competencias, lo que permite afrontar no s\u00f3lo la velocidad de la obsolescencia del conocimiento cient\u00edfico y tecnol\u00f3gico, sino tambi\u00e9n integrar, por un lado, las dimensiones acad\u00e9micas con las trayectorias profesionales y, por otro, lo com\u00fan de la formaci\u00f3n militar con lo espec\u00edfico de cada Fuerza. De este modo, la pol\u00edtica educativa que la orienta est\u00e1 en consonancia con las necesidades de la Fuerza en cumplimiento de su Misi\u00f3n, con los cambios cient\u00edficos, tecnol\u00f3gicos y las situaciones que emerjan en el contexto del pa\u00eds.<\/p>\n<p><img decoding=\"async\" src=\"https:\/\/www.undef.edu.ar\/wp-content\/uploads\/2016\/01\/popupFacultadFotoAdmin.jpg\" \/><\/p>\n<\/div>\n<div class=\"columna der\">\n<p>La educaci\u00f3n por competencias en el Sistema Educativo de la Defensa otorga un significado de unidad en la que los elementos del conocimiento tienen sentido s\u00f3lo en funci\u00f3n del conjunto: consolida el requerido perfil t\u00e9cnico profesional del personal militar as\u00ed como tambi\u00e9n la construcci\u00f3n y el fortalecimiento del sentido de ciudadan\u00eda y de servicio p\u00fablico del mismo, sustentado en los valores y normas de conducta que encierra la propia condici\u00f3n militar y la concepci\u00f3n democr\u00e1tica de la Defensa Nacional.<\/p>\n<div class=\"separacion\"><\/div>\n<h3>La pol\u00edtica acad\u00e9mica de la Universidad de la Defensa Nacional se orientar\u00e1 a:<\/h3>\n<ul>\n<li>Desarrollar la formaci\u00f3n militar y civil en consonancia con los objetivos que la sociedad en su conjunto requiere para la Defensa Nacional.<\/li>\n<li>Mejorar la calidad y pertinencia de los programas acad\u00e9micos requeridos por el sistema universitario nacional y las pol\u00edticas de Defensa Nacional.<\/li>\n<li>Promover la articulaci\u00f3n de la Universidad, mediante la realizaci\u00f3n de proyectos acad\u00e9micos comunes, con otras instituciones del sistema universitario y del cient\u00edfico tecnol\u00f3gico nacional.<\/li>\n<li>Garantizar acciones tendientes a favorecer la inclusi\u00f3n y la calidad de la formaci\u00f3n de los j\u00f3venes, a trav\u00e9s del desarrollo de dispositivos pedag\u00f3gicos e institucionales apropiados en todas las etapas de las trayectorias educativas.<\/li>\n<li>Contribuir a la producci\u00f3n del conocimiento a trav\u00e9s de pol\u00edticas institucionales que vinculen las funciones de docencia de pregrado, grado y posgrado con las de investigaci\u00f3n y extensi\u00f3n.<\/li>\n<\/ul>\n<\/div>\n<div class=\"clear\"><\/div>\n","protected":false},"excerpt":{"rendered":"<p>La formaci\u00f3n militar es un proceso integral, gradual y de perfeccionamiento continuo que tiende al desarrollo de competencias personales y militares para un desempe\u00f1o eficaz de la profesi\u00f3n. Esta perspectiva tiene implicancias centrales para la consideraci\u00f3n de los planes de estudio, el proceso de formaci\u00f3n y los perfiles y formas de trabajo de los cuerpos &hellip; <a href=\"https:\/\/www.undef.edu.ar\/bkp-web\/academica\/politica-academica\/\" class=\"more-link\">Continuar leyendo<span class=\"screen-reader-text\"> \u00abPol\u00edtica acad\u00e9mica\u00bb<\/span><\/a><\/p>\n","protected":false},"author":1,"featured_media":0,"parent":242,"menu_order":0,"comment_status":"closed","ping_status":"closed","template":"","meta":{"_acf_changed":false,"footnotes":""},"acf":[],"_links":{"self":[{"href":"https:\/\/www.undef.edu.ar\/bkp-web\/wp-json\/wp\/v2\/pages\/244"}],"collection":[{"href":"https:\/\/www.undef.edu.ar\/bkp-web\/wp-json\/wp\/v2\/pages"}],"about":[{"href":"https:\/\/www.undef.edu.ar\/bkp-web\/wp-json\/wp\/v2\/types\/page"}],"author":[{"embeddable":true,"href":"https:\/\/www.undef.edu.ar\/bkp-web\/wp-json\/wp\/v2\/users\/1"}],"replies":[{"embeddable":true,"href":"https:\/\/www.undef.edu.ar\/bkp-web\/wp-json\/wp\/v2\/comments?post=244"}],"version-history":[{"count":6,"href":"https:\/\/www.undef.edu.ar\/bkp-web\/wp-json\/wp\/v2\/pages\/244\/revisions"}],"predecessor-version":[{"id":3141,"href":"https:\/\/www.undef.edu.ar\/bkp-web\/wp-json\/wp\/v2\/pages\/244\/revisions\/3141"}],"up":[{"embeddable":true,"href":"https:\/\/www.undef.edu.ar\/bkp-web\/wp-json\/wp\/v2\/pages\/242"}],"wp:attachment":[{"href":"https:\/\/www.undef.edu.ar\/bkp-web\/wp-json\/wp\/v2\/media?parent=244"}],"curies":[{"name":"wp","href":"https:\/\/api.w.org\/{rel}","templated":true}]}}