{"id":24,"date":"2016-01-18T17:26:00","date_gmt":"2016-01-18T20:26:00","guid":{"rendered":"http:\/\/192.232.253.116\/~uv9013\/?page_id=24"},"modified":"2022-11-29T15:23:11","modified_gmt":"2022-11-29T18:23:11","slug":"creacion","status":"publish","type":"page","link":"https:\/\/www.undef.edu.ar\/bkp-web\/institucional\/creacion\/","title":{"rendered":"Creaci\u00f3n"},"content":{"rendered":"<div class=\"columna izq\">\n<p>La <span style=\"color: #37bbed;\"><strong>Universidad de la Defensa Nacional (UNDEF)<\/strong><\/span> fue creada el 12 de noviembre de 2014, mediante la <strong>Ley 27.015<\/strong>. Actualmente, tiene a su cargo la formaci\u00f3n de militares y civiles en diferentes \u00e1reas disciplinarias, y la formaci\u00f3n militar para la Defensa Nacional a trav\u00e9s de carreras de pregrado, grado y posgrado.<\/p>\n<p>Se constituye sobre la base de los <strong>Institutos Universitarios<\/strong> que al momento de la ley funcionaban en la \u00f3rbita del <strong>Ministerio de Defensa de la Naci\u00f3n<\/strong> y las <strong>Fuerzas Armadas<\/strong>.<\/p>\n<p>La <span style=\"color: #37bbed;\"><strong>UNDEF<\/strong><\/span> se encuentra integrada por ocho Unidades Acad\u00e9micas, y cuenta con m\u00e1s de 12 mil alumnos distribuidos en distintas universidades de todo el pa\u00eds:<\/p>\n<ol>\n<li>Facultad de la <strong>Defensa<\/strong> \u201cFadena\u201d.<\/li>\n<li>Facultad de la <strong>Fuerza A\u00e9rea<\/strong>.<\/li>\n<li>Facultad de la <strong>Armada<\/strong>.<\/li>\n<li>Facultad del <strong>Ej\u00e9rcito<\/strong>.<\/li>\n<li>Facultad de <strong>Ciencias de la Administraci\u00f3n<\/strong> CRUC-IUA.<\/li>\n<li>Facultad de <strong>Ingenier\u00eda<\/strong> CRUC-IUA.<\/li>\n<li>Facultad<strong> Militar Conjunta<\/strong>.<\/li>\n<li>Facultad de <strong>Ingenier\u00eda del Ej\u00e9rcito<\/strong>.<\/li>\n<\/ol>\n<\/div>\n<div class=\"columna der\">\n<p>La <span style=\"color: #37bbed;\"><strong>UNDEF<\/strong><\/span> presenta una amplia y variada oferta acad\u00e9mica. En ella se estudian carreras ligadas espec\u00edficamente a la profesi\u00f3n militar como as\u00ed tambi\u00e9n carreras ofrecidas al conjunto de la sociedad civil.<\/p>\n<blockquote><p>La <span style=\"color: #37bbed;\"><strong>UNDEF<\/strong><\/span> es la primera Casa de Altos Estudios de estas caracter\u00edsticas en Am\u00e9rica Latina, constituy\u00e9ndose en un antecedente y punto de referencia en la regi\u00f3n.<\/p><\/blockquote>\n<p><img decoding=\"async\" src=\"https:\/\/www.undef.edu.ar\/wp-content\/uploads\/2016\/01\/fotoSeccion2.jpg\" \/><\/p>\n<\/div>\n<div class=\"clear\"><\/div>\n","protected":false},"excerpt":{"rendered":"<p>La Universidad de la Defensa Nacional (UNDEF) fue creada el 12 de noviembre de 2014, mediante la Ley 27.015. Actualmente, tiene a su cargo la formaci\u00f3n de militares y civiles en diferentes \u00e1reas disciplinarias, y la formaci\u00f3n militar para la Defensa Nacional a trav\u00e9s de carreras de pregrado, grado y posgrado. Se constituye sobre la &hellip; <a href=\"https:\/\/www.undef.edu.ar\/bkp-web\/institucional\/creacion\/\" class=\"more-link\">Continuar leyendo<span class=\"screen-reader-text\"> \u00abCreaci\u00f3n\u00bb<\/span><\/a><\/p>\n","protected":false},"author":1,"featured_media":0,"parent":229,"menu_order":0,"comment_status":"closed","ping_status":"closed","template":"","meta":{"_acf_changed":false,"footnotes":""},"acf":[],"_links":{"self":[{"href":"https:\/\/www.undef.edu.ar\/bkp-web\/wp-json\/wp\/v2\/pages\/24"}],"collection":[{"href":"https:\/\/www.undef.edu.ar\/bkp-web\/wp-json\/wp\/v2\/pages"}],"about":[{"href":"https:\/\/www.undef.edu.ar\/bkp-web\/wp-json\/wp\/v2\/types\/page"}],"author":[{"embeddable":true,"href":"https:\/\/www.undef.edu.ar\/bkp-web\/wp-json\/wp\/v2\/users\/1"}],"replies":[{"embeddable":true,"href":"https:\/\/www.undef.edu.ar\/bkp-web\/wp-json\/wp\/v2\/comments?post=24"}],"version-history":[{"count":28,"href":"https:\/\/www.undef.edu.ar\/bkp-web\/wp-json\/wp\/v2\/pages\/24\/revisions"}],"predecessor-version":[{"id":11067,"href":"https:\/\/www.undef.edu.ar\/bkp-web\/wp-json\/wp\/v2\/pages\/24\/revisions\/11067"}],"up":[{"embeddable":true,"href":"https:\/\/www.undef.edu.ar\/bkp-web\/wp-json\/wp\/v2\/pages\/229"}],"wp:attachment":[{"href":"https:\/\/www.undef.edu.ar\/bkp-web\/wp-json\/wp\/v2\/media?parent=24"}],"curies":[{"name":"wp","href":"https:\/\/api.w.org\/{rel}","templated":true}]}}