{"id":232,"date":"2016-01-25T15:55:07","date_gmt":"2016-01-25T18:55:07","guid":{"rendered":"http:\/\/192.232.253.116\/~uv9013\/?page_id=232"},"modified":"2024-09-12T12:21:20","modified_gmt":"2024-09-12T15:21:20","slug":"autoridades","status":"publish","type":"page","link":"https:\/\/www.undef.edu.ar\/bkp-web\/institucional\/autoridades\/","title":{"rendered":"Autoridades"},"content":{"rendered":"<div class=\"autoridades\">\n<div class=\"bloqueGris grande\">\n<div class=\"espaciado\"><\/div>\n<div class=\"bloqueContainer\">\n<div id=\"rector\" class=\"bloque\">\n<div class=\"foto\" style=\"background-image: url('https:\/\/www.undef.edu.ar\/wp-content\/uploads\/2024\/02\/Rector-perfil.jpeg');\"><\/div>\n<h4>Dr. Julio C\u00e9sar Spota<\/h4>\n<p class=\"cargo\">Rector<\/p>\n<div class=\"boton\" onclick=\"abrirPopupAutoridad(&#39;#rector&#39;)\">+ info<\/div>\n<div class=\"texto\">\n<p>Actual Rector de la Universidad de la Defensa Nacional.<br \/>\nMiembro de la carrera de investigador cient\u00edfico del CONICET.<br \/>\nDoctor en Antropolog\u00eda (UBA).<br \/>\nMagister en Antropolog\u00eda Social (IDES-UNSAM).<br \/>\nMagister en Estrategia y Geopol\u00edtica (Escuela Superior de Guerra del Ej\u00e9rcito Argentino).<br \/>\nMagister en Inteligencia Estrat\u00e9gica Nacional (UNLP).<br \/>\nLicenciado en Ciencias Antropol\u00f3gicas (UBA).<br \/>\nProfesor Titular Regular de Antropolog\u00eda (UBA-CBC) en m\u00faltiples sedes.<br \/>\nProfesor Titular Regular de Estrategia en la Escuela Superior de Guerra del Ej\u00e9rcito Argentino.<br \/>\nDecano de la Facultad de Defensa Nacional (Universidad de la Defensa Nacional) desde el 01\/01\/2016 hasta el 01\/03\/2020.<\/p>\n<\/div>\n<\/div>\n<\/div>\n<div class=\"espaciado\"><\/div>\n<div class=\"clear\"><\/div>\n<\/div>\n<p><!--\n\n\n<div class=\"bloqueGris grande\">\n\n\n<div class=\"espaciado\"><\/div>\n\n\n\n\n<div class=\"bloqueContainer\">\n\n\n<div id=\"vicerrectora\" class=\"bloque\">\n\n\n<div class=\"foto\" style=\"background-image: url('https:\/\/www.undef.edu.ar\/wp-content\/uploads\/2024\/02\/Vicerrectora.jpeg');\"><\/div>\n\n\n\n\n<h4>Dra. Dolores Lettelier<\/h4>\n\n\n\n\n<p class=\"cargo\">Vicerrectora<\/p>\n\n\n\n\n\n<div class=\"boton\" onclick=\"abrirPopupAutoridad(#vicerrectora)\">+ info<\/div>\n\n\n\n\n<div class=\"texto\">\n\nMar\u00eda Dolores Lettelier es Doctora en Ciencias Sociales por la Facultad Latinoamericana en Ciencias Sociales (FLACSO) en Buenos Aires; Magister en Gesti\u00f3n del Territorio Rural por el Colegio de Posgraduados en M\u00e9xico; M\u00e1ster en Desarrollo Local Rural por el Consejo Superior de Investigaciones Cient\u00edficas y el Instituto de Econom\u00eda y Geograf\u00eda en Madrid, Ingeniera T\u00e9cnica Agr\u00edcola, especialidad Industrias Agrarias Alimentarias en Espa\u00f1a e Ingeniera Agr\u00f3noma de la Facultad de Ciencias Agrarias en la Universidad Nacional de Cuyo.\n\nTiene m\u00e1s de 20 a\u00f1os en su trayectoria acad\u00e9mica como docente e investigadora. Actualmente es Profesora Titular Efectiva de la C\u00e1tedra de Formaci\u00f3n General y Extensi\u00f3n Rural en la Facultad de Ciencia Agrarias en la Universidad Nacional de Cuyo; Directora del Departamento de Econom\u00eda Pol\u00edtica y Administraci\u00f3n Rural y Consejera Superior electa en representaci\u00f3n del claustro de profesores de la Universidad Nacional de Cuyo (2022-2026).\n\nA su vez, es docente de posgrado de Maestr\u00eda y Doctorado; directora de proyectos de investigaci\u00f3n nacionales e internacionales, tiene becarios a su cargo y lidera procesos de innovaci\u00f3n el \u00e1mbito educativo.\n\nEn su trayectoria profesional reciente ha sido la Secretaria Acad\u00e9mica de la Universidad Nacional de Cuyo (2018-2022), Coordinadora del Consejo Regional de Planificaci\u00f3n de la educaci\u00f3n Superior Nuevo Cuyo, Representante en el Consejo Federal de Educaci\u00f3n, Miembro de la Comisi\u00f3n de Asuntos Acad\u00e9micos, Acreditaci\u00f3n y Planeamiento en el Consejo Nacional Interuniversitario y en la Red Universitaria de Educaci\u00f3n a Distancia en Argentina. Tambi\u00e9n se desempe\u00f1\u00f3 como Vicepresidenta del Consejo de Administraci\u00f3n de la Fundaci\u00f3n Instituto Universitario de Seguridad P\u00fablica, particip\u00f3 de la Comisi\u00f3n Nacional de Reconocimiento de Trayectorias Formativas en el marco del programa de Calidad y Directora del Proyecto NEXOS, financiado por la Secretar\u00eda de Pol\u00edticas Universitarias.\n\nA su vez, ha sido consultora del Ministerio de Educaci\u00f3n de la Naci\u00f3n Argentina y del Ministerio de Econom\u00eda del Gobierno de Mendoza, del Instituto Interamericano para la Investigaci\u00f3n del Cambio Global y del Instituto Interamericano de Cooperaci\u00f3n para la Agricultura en M\u00e9xico. Ha sido miembro del equipo de CUTE (Competencias para usar la Tecnolog\u00eda Educativa en las Universidades), cofinanciado por el programa Erasmus+ de la Uni\u00f3n Europea.\n\nHa sido destacada por la Honorable C\u00e1mara de Diputados de la provincia de Mendoza por su valioso compromiso en la formaci\u00f3n de las futuras generaciones, realizando la Expo Educativa Mendoza a cargo de la coordinaci\u00f3n institucional de las Ediciones 2019, 2020, 2021 y 2022, como as\u00ed tambi\u00e9n por la Alianza de Investigadores Internacionales.\n\nEntre sus recientes publicaciones se encuentran los siguientes libros \u201cLa gesti\u00f3n acad\u00e9mica en pandemia: Adecuaciones, innovaciones y desaf\u00edos de la Universidad Nacional de Cuyo\u201d [<a href=\"https:\/\/ediunc.uncuyo.edu.ar\/ediunc\/ficha\/722\">https:\/\/ediunc.uncuyo.edu.ar\/ediunc\/ficha\/722<\/a>] y Encuestas y talleres estudiantiles 2020: Motivaciones, preferencias y expectativas [<a href=\"https:\/\/ediunc.uncuyo.edu.ar\/ediunc\/ficha\/668\">https:\/\/ediunc.uncuyo.edu.ar\/ediunc\/ficha\/668<\/a>].\n\n<\/div>\n\n\n<\/div>\n\n\n<\/div>\n\n\n\n\n<div class=\"espaciado\"><\/div>\n\n\n\n\n<div class=\"clear\"><\/div>\n\n\n<\/div>\n\n\n--><\/p>\n<div class=\"bloqueGris\">\n<div class=\"bloqueContainer tercio\">\n<div id=\"secAcad\" class=\"bloque\">\n<div class=\"foto\" style=\"background-image: url('https:\/\/www.undef.edu.ar\/wp-content\/uploads\/2024\/03\/Veronica-Patricia-Mulle-scaled.jpg');\"><\/div>\n<h4>Mg. Ver\u00f3nica Patricia Mulle<\/h4>\n<p class=\"cargo\">Secretaria Acad\u00e9mica<\/p>\n<div class=\"boton\"  onclick=\"abrirPopupAutoridad(&#39;#secAcad&#39;)\">+ info<\/div>\n<div class=\"texto\">\n<p>Ver\u00f3nica Patricia Mulle es Licenciada en Ciencias de la Educaci\u00f3n por la Universidad de Buenos Aires y Magister en Pol\u00edticas y Administraci\u00f3n de la Educaci\u00f3n por la Universidad Nacional de Tres de Febrero.<\/p>\n<p>Su experiencia docente y de investigaci\u00f3n se inici\u00f3 como estudiante adscripta en la c\u00e1tedra de Pol\u00edtica educacional de la Facultad de Filosof\u00eda y Letras de la UBA; trabaj\u00f3 en el \u00c1rea Pedag\u00f3gica de la Facultad de Farmacia y Bioqu\u00edmica de la misma Universidad, en la que adem\u00e1s fue auxiliar docente regular de la asignatura Pol\u00edticas de educaci\u00f3n superior y acciones cient\u00edfico tecnol\u00f3gicas de la carrera docente.<\/p>\n<p>Fue profesora titular en diversos Institutos Superiores de Formaci\u00f3n Docente de la Ciudad de Buenos Aries, en asignaturas del \u00e1rea de la pol\u00edtica educacional y la pr\u00e1ctica docente. Fue docente de grado y posgrado en la UBA en materias de pol\u00edticas de educaci\u00f3n superior y gesti\u00f3n universitaria; y actualmente se desempe\u00f1a como profesora regular titular de la asignatura Administraci\u00f3n y organizaci\u00f3n educativa en la Universidad Nacional Ra\u00fal Scalabrini Ortiz.<\/p>\n<p>Es investigadora formada del Instituto de Investigaciones en Ciencias de la Educaci\u00f3n de la UBA. Participa en proyectos de investigaci\u00f3n UBACYT desde el a\u00f1o 2008, relativos a problemas del campo de las pol\u00edticas de educaci\u00f3n superior universitaria. Es autora y coautora de publicaciones especializadas sobre tem\u00e1ticas del mencionado campo.<\/p>\n<p>Se desempe\u00f1\u00f3 profesionalmente en diversas \u00e1reas t\u00e9cnicas de la Secretaria de Asuntos Acad\u00e9micos de la UBA y desde el a\u00f1o 2016, como Directora General de Gesti\u00f3n Acad\u00e9mica.<\/p>\n<p>&nbsp;<\/p>\n<\/div>\n<\/div>\n<\/div>\n<div class=\"bloqueContainer tercio\">\n<div id=\"secCienc\" class=\"bloque\">\n<div class=\"foto\" style=\"background-image: url('https:\/\/www.undef.edu.ar\/wp-content\/uploads\/2024\/03\/Carlos-Daniel-Esteban-scaled.jpg');\"><\/div>\n<h4>Dr. Carlos Daniel Esteban<\/h4>\n<p class=\"cargo\">Secretario de Ciencia y Tecnolog\u00eda<\/p>\n<div class=\"boton\"  onclick=\"abrirPopupAutoridad(&#39;#secCienc&#39;)\">+ info<\/div>\n<div class=\"texto\">\n<p>Doctor en Ciencia Pol\u00edtica de la Universidad del Salvador. Realiz\u00f3 Postgrados en Derecho Internacional Humanitario en la Universidad Cat\u00f3lica Argentina, y en Managing Latin America in Business Orientation en UADE Business School. Se recibi\u00f3 de Licenciado en Ciencia Pol\u00edtica en Universidad Cat\u00f3lica y de Licenciado en Estrategia y Organizaci\u00f3n en el IESE.<\/p>\n<p>Realiz\u00f3 el Magister de Estrategia y Conducci\u00f3n en la Escuela de Estado Mayor de las Fuerzas Armadas de Alemania, F\u00fchrungs Academie. Se recibi\u00f3 de Oficial de Estado Mayor del Ej\u00e9rcito Argentino en la Escuela de Guerra.<\/p>\n<p>Se desempe\u00f1a como Miembro del Instituto de Seguridad Internacional y Asuntos Estrat\u00e9gicos (CARI). Actualmente es Profesor de Planeamiento de Escenarios en UADE Business School; de Derecho Diplom\u00e1tico y Consular, Estrategia y Negociaci\u00f3n y Gesti\u00f3n de las Organizaciones en FAJU (UADE) y de Asuntos P\u00fablicos y Lobbing. A su vez, se desempe\u00f1a como Director Acad\u00e9mico de los Masters in Business Administration en UADE Business School.<\/p>\n<p>Es autor de numerosos escritos sobre Pol\u00edtica, Estrategia, Diplomacia e Historia. Sus \u00faltimas investigaciones fueron sobre las carreras del futuro y las caracter\u00edsticas de liderazgo moderno. Veterano de la Guerra de Malvinas condecorado con la medalla \u201cLa Naci\u00f3n Argentina al Valor en Combate\u201d.<\/p>\n<\/div>\n<\/div>\n<\/div>\n<div class=\"bloqueContainer tercio\">\n<div id=\"secGral\" class=\"bloque\">\n<div class=\"foto\" style=\"background-image: url('https:\/\/www.undef.edu.ar\/wp-content\/uploads\/2024\/03\/Hernan-Isasmendi-scaled.jpg');\"><\/div>\n<h4>Abg. Hern\u00e1n Isasmendi<\/h4>\n<p class=\"cargo\">Secretario General<\/p>\n<div class=\"boton\" onclick=\"abrirPopupAutoridad(&#39;#secGral&#39;)\">+ info<\/div>\n<div class=\"texto\">\n<p>Hern\u00e1n Isasmendi es Abogado, graduado en la Facultad de Derecho y Ciencias Sociales de la Universidad de Buenos Aires, se form\u00f3 en Derecho Administrativo e Internacional P\u00fablico, completando sus estudios en estrategia<br \/>\ny pol\u00edticas de Defensa en la National Defense University, Washington, DC (USA).<\/p>\n<p>Entre otros eventos represent\u00f3 internacionalmente a la UNDEF en la Agenda de Cambio Clim\u00e1tico en \u201cGlobal Solutions, The World Policy Forum, in association with T20\u201d, en Berl\u00edn, Alemania.<\/p>\n<p>En el \u00e1mbito universitario se desempe\u00f1\u00f3 como Secretario General de la Universidad de la Defensa, y en la UBA como Secretario de Extensi\u00f3n y Bienestar Estudiantil en el CBC.<br \/>\nDesarroll\u00f3 tareas como Coordinador General de Proyectos para el Programa de la Naciones Unidas para el Desarrollo \u2013PNUD\u2013 en Argentina.<\/p>\n<p>En la \u00f3rbita del sector p\u00fablico ejerci\u00f3 cargos de conducci\u00f3n tanto en el poder ejecutivo como legislativo, desarroll\u00e1ndose hasta la actualidad como asesor en la comisi\u00f3n de Defensa en el Senado de la Naci\u00f3n y de Seguridad Interior en la<br \/>\nC\u00e1mara de Diputados.<\/p>\n<p>Es Profesor Adjunto de la materia Sociedad y Estado en la UBA y ha dictado Derecho Latinoamericano entre otras asignaturas. Ejerce libremente su profesi\u00f3n de abogado y dirige su Consultora en Opini\u00f3n P\u00fablica, Pol\u00edtica y Gobierno.<\/p>\n<\/div>\n<\/div>\n<\/div>\n<div class=\"bloqueContainer tercio\">\n<div id=\"secAdmin\" class=\"bloque\">\n<div class=\"foto\" style=\"background-image: url('https:\/\/www.undef.edu.ar\/wp-content\/uploads\/2024\/03\/David-Zeigner-scaled.jpg');\"><\/div>\n<h4>Lic. David Zeigner<\/h4>\n<p class=\"cargo\">Secretario de Administraci\u00f3n<\/p>\n<div class=\"boton\" onclick=\"abrirPopupAutoridad(&#39;#secAdmin&#39;)\">+ info<\/div>\n<div class=\"texto\">\n<p>David Zeigner es Licenciado Gesti\u00f3n de Pol\u00edticas P\u00fablicas, tiene estudios de posgrado en Gesti\u00f3n Integral de Instituciones Educativas y en Conceptos Presupuestarios para la Defensa del Defense Resource Managment Institute.<\/p>\n<p>Ha sido Subsecretario de Hacienda del Rectorado de la Universidad de Buenos Aires y de Coordinaci\u00f3n Administrativa de la Universidad de la Defensa Nacional y formado parte de equipos de Direcci\u00f3n de la Universidad de la Pampa. Anteriormente fue Secretario de Posgrado de la Facultad de Derecho de la UBA y asesor en temas de gesti\u00f3n y presupuesto para las Universidades Nacionales de San Luis y San Mart\u00edn.<\/p>\n<p>Es docente de la asignatura \u00abPresupuestaci\u00f3n y Gesti\u00f3n Econ\u00f3mica de las Universidades\u201d de la Especializaci\u00f3n en Asesor\u00eda Jur\u00eddica de Universidades. Tambi\u00e9n ha sido profesor adjunto de \u201cGesti\u00f3n y Control Presupuestario\u201d en la Tecnicatura en Gesti\u00f3n Universitaria de la Universidad de Buenos Aires y dictado diversos cursos sobre modelos de distribuci\u00f3n de recursos presupuestarios.<\/p>\n<\/div>\n<\/div>\n<\/div>\n<div class=\"bloqueContainer tercio\">\n<div id=\"asesorLegal\" class=\"bloque\">\n<div class=\"foto\" style=\"background-image: url('https:\/\/www.undef.edu.ar\/wp-content\/uploads\/2024\/03\/c-Costamagna-Asesor-Juridico-scaled.jpg');\"><\/div>\n<h4>Abg. Alberto Costamagno<\/h4>\n<p class=\"cargo\">Asesor Jur\u00eddico<\/p>\n<div class=\"boton\" onclick=\"abrirPopupAutoridad(&#39;#asesorLegal&#39;)\">+ info<\/div>\n<div class=\"texto\">\n<p>Alberto Costamagno es Abogado por la Universidad de Buenos Aires, estudi\u00f3 la Licenciatura en Derecho Aeron\u00e1utico y Espacial en el Instituto Nacional de Derecho Aeron\u00e1utico y Espacial (INDAE). Fue Secretario General de la Facultad de la Defensa Nacional; Miembro Titular del Comit\u00e9 Ejecutivo de la Fundaci\u00f3n Universidad de Mor\u00f3n; Jefe en Asesor\u00eda Letrada de la Municipalidad de La Matanza. Particip\u00f3 del Curso Acad\u00e9mico en el Centro William J. Perry Center for Hemispheric Defense Studies (WJPC) EE.UU. Acredita experiencia en el ejercicio profesional siendo matriculado desde el a\u00f1o 1974 en el Colegio P\u00fablico de Abogados de la Ciudad Aut\u00f3noma de Buenos Aires y en el Colegio de Abogados del Departamento Judicial de Mor\u00f3n.<\/p>\n<\/div>\n<\/div>\n<\/div>\n<\/div>\n<\/div>\n<p>&nbsp;<\/p>\n<h2>Consejo de Direcci\u00f3n:<\/h2>\n<ul>\n<li>Ministro de Defensa de la Naci\u00f3n<\/li>\n<li>Rector de la Universidad de la Defensa<\/li>\n<li>Secretarios del Ministerio de Defensa de la Naci\u00f3n<\/li>\n<li>Jefe del Estado Mayor Conjunto de las Fuerzas Armadas<\/li>\n<li>Jefes de Estados Mayores Generales del Ej\u00e9rcito, de la Armada y de la Fuerza A\u00e9rea<\/li>\n<\/ul>\n<div class=\"separacion2\"><\/div>\n<h2>Gobierno y estructura<\/h2>\n<div class=\"columna izq\">\n<h3>Gobierno de la universidad<\/h3>\n<p>El gobierno de la UNDEF se encuentra conformado por un Consejo de Direcci\u00f3n, un Consejo Consultivo de Gesti\u00f3n, el Rectorado y un Consejo Consultivo, \u00f3rganos de caracter\u00edsticas particulares, dise\u00f1ados de acuerdo a lo establecido en su ley de creaci\u00f3n y cuyas funciones se detallan en el Estatuto.<\/p>\n<p>El Consejo de Direcci\u00f3n es el \u00f3rgano superior de gobierno de la UNDEF y est\u00e1 presidido por el Ministro de Defensa de la Naci\u00f3n, quien toma las resoluciones con el asesoramiento de los integrantes.<\/p>\n<p>El Rector de la UNDEF, los Secretarios del Ministerio de Defensa de la Naci\u00f3n, el Jefe del Estado Mayor Conjunto de las Fuerzas Armadas y los Jefes de Estados Mayores Generales del Ej\u00e9rcito, de la Armada y de la Fuerza A\u00e9rea son miembros del Consejo de Direcci\u00f3n en calidad de vocales.<\/p>\n<p>Entre las principales funciones del <strong>Consejo de Direcci\u00f3n<\/strong> se encuentran las de aprobar el Estatuto de la Universidad y sus modificaciones, crear Facultades, crear carreras de formaci\u00f3n en la profesi\u00f3n militar, y considerar el Plan Acad\u00e9mico Anual y la Memoria de Actividades Anuales presentados por el Rector.<\/p>\n<p>El <strong>Consejo Consultivo de Gesti\u00f3n<\/strong> es el \u00f3rgano colegiado que tiene como objetivo brindar asesoramiento al Rector en la producci\u00f3n y modificaci\u00f3n de las normas internas de la Universidad y en todos los asuntos concernientes a las actividades de docencia, de investigaci\u00f3n y desarrollo, de extensi\u00f3n y transferencia, y en las cuestiones disciplinarias.<\/p>\n<p>Este Consejo es presidido por el Rector y est\u00e1 integrado por los Vicerrectores, los Decanos, los Secretarios del Rectorado, tres representantes del claustro docente y un representante del personal de apoyo acad\u00e9mico. Dentro de sus m\u00faltiples funciones de asesoramiento podemos destacar las de elaborar propuestas y emitir opini\u00f3n sobre la pol\u00edtica general para el personal docente y de administraci\u00f3n y servicio; los reg\u00edmenes acad\u00e9mico y de disciplina; el r\u00e9gimen general para las carreras de pregrado, grado y posgrado; los planes de estudio de las carreras que, en todos los niveles, formen la oferta acad\u00e9mica de la Universidad; el Reglamento Electoral; el r\u00e9gimen general para los Investigadores y los programas y proyectos de investigaci\u00f3n; y el r\u00e9gimen de funcionamiento del Tribunal Acad\u00e9mico.<\/p>\n<p><strong>El Rectorado<\/strong> es el \u00f3rgano de gobierno unipersonal que preside y conduce la gesti\u00f3n integral de la Universidad. Es ejercido por el Rector de la UNDEF, que debe cumplir para su designaci\u00f3n con los requisitos del art\u00edculo 54 de la Ley 24.521.<\/p>\n<p>Tanto el Rector como el Vicerrector son designados por el Ministro de Defensa de la Naci\u00f3n en su car\u00e1cter de Presidente del Consejo de Direcci\u00f3n, duran tres a\u00f1os en sus funciones y pueden repetir mandato por una vez o sucederse rec\u00edprocamente s\u00f3lo por un per\u00edodo consecutivo.<\/p>\n<\/div>\n<div class=\"columna der\">\n<h3>Estructura universitaria<\/h3>\n<p>La UNDEF se constituye como instituci\u00f3n universitaria sobre la base de las instituciones universitarias preexistentes de la Defensa que han desarrollado hist\u00f3ricamente dos tipos de oferta acad\u00e9mica diferenciadas. Por un lado, un conjunto de carreras orientadas espec\u00edficamente a la formaci\u00f3n militar y que forman parte del plan de carrera profesional de oficiales y suboficiales para el desempe\u00f1o en cada una de las Fuerzas seg\u00fan funci\u00f3n, grado, cargo y jerarqu\u00eda. Por otra parte, existe una oferta acad\u00e9mica perteneciente a campos disciplinarios en los que se desarrollan las profesiones no militares. La UNDEF se estructurar\u00e1 con claridad con este car\u00e1cter \u201cdual\u201d, respetando la especificidad de la formaci\u00f3n profesional militar y, asimismo, garantizando que la oferta acad\u00e9mica de Profesiones Civiles se oriente a lograr, sostener y mejorar las capacidades de las instituciones de la Defensa \u2013en t\u00e9rminos de recursos humanos, infraestructura, equipamientos y conocimientos disponibles en sus campos de desempe\u00f1o.<\/p>\n<p><strong>Las Facultades para la Formaci\u00f3n de Profesiones Civiles<\/strong> son unidades acad\u00e9micas que se constituyen por afinidad disciplinaria, nucleando carreras cuyos planes de formaci\u00f3n resultan afines a un campo de conocimiento en la formaci\u00f3n de profesiones civiles.<\/p>\n<p><strong>Las Facultades para la Formaci\u00f3n de Profesiones Militares<\/strong> son unidades acad\u00e9micas que se constituyen nucleando carreras cuyos planes de formaci\u00f3n resultan afines a \u00e1mbitos operativos y campos de conocimientos asociados particulares de cada Fuerza Armada.<\/p>\n<p><strong>Las \u00c1reas<\/strong> son unidades transversales a las Facultades y se constituyen como agrupamiento de docentes, investigadores y personal de apoyo, afines a un campo de conocimiento. Proveen los docentes necesarios para el desarrollo de las actividades de docencia requeridas por las Facultades.<\/p>\n<p><strong>Los Departamentos<\/strong> son espacios en los que se realizan actividades de investigaci\u00f3n b\u00e1sica y aplicada y el desarrollo de productos y servicios para transferencia a la sociedad.<\/p>\n<p><strong>Los Centros Regionales<\/strong> se conforman como unidades para la gesti\u00f3n de carreras, proyectos y programas de investigaci\u00f3n, desarrollo tecnol\u00f3gico, vinculaci\u00f3n y transferencia, que la Universidad, las Facultades y Departamentos desarrollan en localidades distintas a sus sedes principales.<\/p>\n<\/div>\n<div class=\"clear\"><\/div>\n","protected":false},"excerpt":{"rendered":"<p>Dr. Julio C\u00e9sar Spota Rector + info Actual Rector de la Universidad de la Defensa Nacional. Miembro de la carrera de investigador cient\u00edfico del CONICET. Doctor en Antropolog\u00eda (UBA). Magister en Antropolog\u00eda Social (IDES-UNSAM). Magister en Estrategia y Geopol\u00edtica (Escuela Superior de Guerra del Ej\u00e9rcito Argentino). Magister en Inteligencia Estrat\u00e9gica Nacional (UNLP). Licenciado en Ciencias &hellip; <a href=\"https:\/\/www.undef.edu.ar\/bkp-web\/institucional\/autoridades\/\" class=\"more-link\">Continuar leyendo<span class=\"screen-reader-text\"> \u00abAutoridades\u00bb<\/span><\/a><\/p>\n","protected":false},"author":1,"featured_media":0,"parent":229,"menu_order":0,"comment_status":"closed","ping_status":"closed","template":"","meta":{"_acf_changed":false,"footnotes":""},"acf":[],"_links":{"self":[{"href":"https:\/\/www.undef.edu.ar\/bkp-web\/wp-json\/wp\/v2\/pages\/232"}],"collection":[{"href":"https:\/\/www.undef.edu.ar\/bkp-web\/wp-json\/wp\/v2\/pages"}],"about":[{"href":"https:\/\/www.undef.edu.ar\/bkp-web\/wp-json\/wp\/v2\/types\/page"}],"author":[{"embeddable":true,"href":"https:\/\/www.undef.edu.ar\/bkp-web\/wp-json\/wp\/v2\/users\/1"}],"replies":[{"embeddable":true,"href":"https:\/\/www.undef.edu.ar\/bkp-web\/wp-json\/wp\/v2\/comments?post=232"}],"version-history":[{"count":95,"href":"https:\/\/www.undef.edu.ar\/bkp-web\/wp-json\/wp\/v2\/pages\/232\/revisions"}],"predecessor-version":[{"id":12735,"href":"https:\/\/www.undef.edu.ar\/bkp-web\/wp-json\/wp\/v2\/pages\/232\/revisions\/12735"}],"up":[{"embeddable":true,"href":"https:\/\/www.undef.edu.ar\/bkp-web\/wp-json\/wp\/v2\/pages\/229"}],"wp:attachment":[{"href":"https:\/\/www.undef.edu.ar\/bkp-web\/wp-json\/wp\/v2\/media?parent=232"}],"curies":[{"name":"wp","href":"https:\/\/api.w.org\/{rel}","templated":true}]}}