{"id":1941,"date":"2017-05-16T16:06:47","date_gmt":"2017-05-16T19:06:47","guid":{"rendered":"http:\/\/sd-1264593-h00011.ferozo.net\/?page_id=1941"},"modified":"2017-05-16T16:23:19","modified_gmt":"2017-05-16T19:23:19","slug":"carrera-del-docente-investigador-cientifico-tecnologico","status":"publish","type":"page","link":"https:\/\/www.undef.edu.ar\/bkp-web\/carrera-del-docente-investigador-cientifico-tecnologico\/","title":{"rendered":"Carrera del Docente Investigador Cient\u00edfico-Tecnol\u00f3gico"},"content":{"rendered":"<style>\n\t.docsContainer {\n\t\tdisplay: inline-block; vertical-align: top;\n\t\tbox-sizing: border-box;\n\t}\n\t.docs {\n\t\tbackground:#e6e6e6;\n\t\tpadding:20px; box-sizing: border-box;\n\t\ttext-align:center;\n\t\twidth: 100%;\n\t}\n\t.docsContainer.izq {\n\t\twidth: 65%;\n\t\tpadding-right: 20px;\n\t}\n\t.docsContainer.der {\n\t\twidth: 34%;\n\t}\n\t@media (max-width: 1000px) {\n\t\t.docsContainer { width: 100% !important; padding:0 !important; }\n\t}\n<\/style>\n<div class=\"seccion\">\n<p>\tLa UNDEF convoca para ingreso a la carrera del Docente Investigador Cient\u00edfico- Tecnol\u00f3gico, creada por Resoluci\u00f3n Rectoral N\u00b0 140\/16, con el prop\u00f3sito de promover la formaci\u00f3n y perfeccionamiento de recursos humanos dedicados a la producci\u00f3n de conocimiento pertinente a los intereses de la Defensa Nacional, en el marco de proyectos acreditados por la universidad.<\/p>\n<p>\tFecha de Apertura y Cierre de la Convocatoria: desde el 10 de mayo al 08 de agosto de 2017.<\/p>\n<p>\tOportunamente se publicar\u00e1, mediante el dictado de la Resoluci\u00f3n respectiva, la n\u00f3mina de postulantes que hayan sido seleccionados para incorporarse a la Carrera del Docente Investigador Cient\u00edfico &#8211; Tecnol\u00f3gico de la UNDEF.<\/p>\n<p>\tPara inscribirse a la Carrera del Docente Investigador Cient\u00edfico Tecnol\u00f3gico debe descargar y completar el formulario desde el link de abajo, y luego enviarlo por mail a <a href=\"mailto:undefi@undef.edu.ar\"><strong>undefi@undef.edu.ar<\/strong><\/a><\/p>\n<div style=\"height: 40px;\"><\/div>\n<div class=\"docsContainer izq\">\n<div class=\"docs\">\n\t\t\t<a href=\"https:\/\/www.undef.edu.ar\/wp-content\/uploads\/2017\/05\/Formulario-Carrera-Investigador.docx\" style=\"display:inline-block; vertical-align:middle;\" target=\"_blank\"><img decoding=\"async\" src=\"https:\/\/www.undef.edu.ar\/wp-content\/uploads\/2017\/05\/carreraDocInvestigador_descargarForm.png\" \/><\/a>\n\t\t<\/div>\n<\/p><\/div>\n<div class=\"docsContainer der\">\n<div class=\"docs\">\n\t\t\t<a href=\"https:\/\/www.undef.edu.ar\/wp-content\/uploads\/2017\/05\/2016-140-Creacion-de-Carrera-del-Docente-Investigador-Cientifico-Tecnologico.pdf\" style=\"display:inline-block; vertical-align:middle;\" target=\"_blank\"><img decoding=\"async\" src=\"https:\/\/www.undef.edu.ar\/wp-content\/uploads\/2017\/05\/carreraDocInvestigador_descargarResolucion.png\" \/><\/a>\n\t\t<\/div>\n<\/p><\/div>\n<\/div>\n","protected":false},"excerpt":{"rendered":"<p>La UNDEF convoca para ingreso a la carrera del Docente Investigador Cient\u00edfico- Tecnol\u00f3gico, creada por Resoluci\u00f3n Rectoral N\u00b0 140\/16, con el prop\u00f3sito de promover la formaci\u00f3n y perfeccionamiento de recursos humanos dedicados a la producci\u00f3n de conocimiento pertinente a los intereses de la Defensa Nacional, en el marco de proyectos acreditados por la universidad. Fecha &hellip; <a href=\"https:\/\/www.undef.edu.ar\/bkp-web\/carrera-del-docente-investigador-cientifico-tecnologico\/\" class=\"more-link\">Continuar leyendo<span class=\"screen-reader-text\"> \u00abCarrera del Docente Investigador Cient\u00edfico-Tecnol\u00f3gico\u00bb<\/span><\/a><\/p>\n","protected":false},"author":1,"featured_media":0,"parent":0,"menu_order":0,"comment_status":"closed","ping_status":"closed","template":"templates\/seccion_programa.php","meta":{"_acf_changed":false,"footnotes":""},"acf":[],"_links":{"self":[{"href":"https:\/\/www.undef.edu.ar\/bkp-web\/wp-json\/wp\/v2\/pages\/1941"}],"collection":[{"href":"https:\/\/www.undef.edu.ar\/bkp-web\/wp-json\/wp\/v2\/pages"}],"about":[{"href":"https:\/\/www.undef.edu.ar\/bkp-web\/wp-json\/wp\/v2\/types\/page"}],"author":[{"embeddable":true,"href":"https:\/\/www.undef.edu.ar\/bkp-web\/wp-json\/wp\/v2\/users\/1"}],"replies":[{"embeddable":true,"href":"https:\/\/www.undef.edu.ar\/bkp-web\/wp-json\/wp\/v2\/comments?post=1941"}],"version-history":[{"count":15,"href":"https:\/\/www.undef.edu.ar\/bkp-web\/wp-json\/wp\/v2\/pages\/1941\/revisions"}],"predecessor-version":[{"id":1964,"href":"https:\/\/www.undef.edu.ar\/bkp-web\/wp-json\/wp\/v2\/pages\/1941\/revisions\/1964"}],"wp:attachment":[{"href":"https:\/\/www.undef.edu.ar\/bkp-web\/wp-json\/wp\/v2\/media?parent=1941"}],"curies":[{"name":"wp","href":"https:\/\/api.w.org\/{rel}","templated":true}]}}