{"id":12746,"date":"2024-09-18T10:42:31","date_gmt":"2024-09-18T13:42:31","guid":{"rendered":"https:\/\/www.undef.edu.ar\/?page_id=12746"},"modified":"2024-11-06T11:31:31","modified_gmt":"2024-11-06T14:31:31","slug":"repositorios-digitales","status":"publish","type":"page","link":"https:\/\/www.undef.edu.ar\/bkp-web\/repositorios-digitales\/","title":{"rendered":"Repositorios digitales"},"content":{"rendered":"<div class=\"principal\">\n<h2>\u00bfQu\u00e9 son los repositorios digitales?<\/h2>\n<p>Son plataformas en las que se puede acceder a la producci\u00f3n acad\u00e9mica y cultural de organismos e instituciones. La ley 26.899 establece que las universidades p\u00fablicas deber\u00e1n desarrollar repositorios digitales institucionales de acceso abierto, propios o compartidos. Por ello, la UNDEF aloja su producci\u00f3n en dos repositorios: CEFA Digital \u2013que integra el Sistema Nacional de Repositorios Digitales\u2013 y el del Centro Regional Universitario C\u00f3rdoba-IUA.<\/p>\n<h2>\u00bfQu\u00e9 tipo de contenido puedo encontrar?<\/h2>\n<p>En los repositorios digitales de la UNDEF pod\u00e9s acceder a una variedad de materiales tales como:<\/p>\n<ul>\n<li>Tesis de grado y posgrado.<\/li>\n<li>Art\u00edculos cient\u00edficos y de divulgaci\u00f3n.<\/li>\n<li>Libros y cap\u00edtulos de libros.<\/li>\n<li>Presentaciones en congresos.<\/li>\n<li>Producciones art\u00edsticas, im\u00e1genes y grabaciones audiovisuales.<\/li>\n<li>Publicaciones peri\u00f3dicas, mapas, patentes y rese\u00f1as evaluadas.<\/li>\n<\/ul>\n<h2>Acceso abierto<\/h2>\n<p>Todo el material alojado en el repositorio est\u00e1 disponible para ser visualizado y descargado de forma libre y gratuita, sin necesidad de registro o autorizaci\u00f3n previa. Sin embargo, es importante respetar las condiciones de uso especificadas en la licencia que acompa\u00f1a cada obra.<\/p>\n<h2>Idiomas disponibles<\/h2>\n<p>Las obras en el repositorio pueden estar en varios idiomas. El espa\u00f1ol, portugu\u00e9s e ingl\u00e9s son los m\u00e1s comunes.<\/p>\n<h2>Garant\u00eda de preservaci\u00f3n<\/h2>\n<p>El repositorio se encarga de mantener la accesibilidad y preservaci\u00f3n digital de los materiales a lo largo del tiempo, asegurando que puedas consultarlos cuando los necesites.<\/p>\n<h2>Informaci\u00f3n adicional<\/h2>\n<p>Cada obra cuenta con metadatos descriptivos que facilitan su b\u00fasqueda y organizaci\u00f3n. Estos metadatos son de acceso libre y pueden ser reutilizados mencionando la fuente original.<\/p>\n<p>&nbsp;<\/p>\n<div class=\"columna izq\"><a class=\"botonGenerico\" href=\"http:\/\/www.cefadigital.edu.ar\/\">CEFA DIGITAL<\/a><\/div>\n<div class=\"columna der\"><a class=\"botonGenerico\" href=\"https:\/\/rdu.iua.edu.ar\/\">Repositorio del CRUC-IUA<\/a><\/div>\n<p>&nbsp;<\/p>\n<\/div>\n","protected":false},"excerpt":{"rendered":"<p>\u00bfQu\u00e9 son los repositorios digitales? Son plataformas en las que se puede acceder a la producci\u00f3n acad\u00e9mica y cultural de organismos e instituciones. La ley 26.899 establece que las universidades p\u00fablicas deber\u00e1n desarrollar repositorios digitales institucionales de acceso abierto, propios o compartidos. Por ello, la UNDEF aloja su producci\u00f3n en dos repositorios: CEFA Digital \u2013que &hellip; <a href=\"https:\/\/www.undef.edu.ar\/bkp-web\/repositorios-digitales\/\" class=\"more-link\">Continuar leyendo<span class=\"screen-reader-text\"> \u00abRepositorios digitales\u00bb<\/span><\/a><\/p>\n","protected":false},"author":5,"featured_media":0,"parent":0,"menu_order":0,"comment_status":"closed","ping_status":"closed","template":"","meta":{"_acf_changed":false,"footnotes":""},"acf":[],"_links":{"self":[{"href":"https:\/\/www.undef.edu.ar\/bkp-web\/wp-json\/wp\/v2\/pages\/12746"}],"collection":[{"href":"https:\/\/www.undef.edu.ar\/bkp-web\/wp-json\/wp\/v2\/pages"}],"about":[{"href":"https:\/\/www.undef.edu.ar\/bkp-web\/wp-json\/wp\/v2\/types\/page"}],"author":[{"embeddable":true,"href":"https:\/\/www.undef.edu.ar\/bkp-web\/wp-json\/wp\/v2\/users\/5"}],"replies":[{"embeddable":true,"href":"https:\/\/www.undef.edu.ar\/bkp-web\/wp-json\/wp\/v2\/comments?post=12746"}],"version-history":[{"count":15,"href":"https:\/\/www.undef.edu.ar\/bkp-web\/wp-json\/wp\/v2\/pages\/12746\/revisions"}],"predecessor-version":[{"id":13032,"href":"https:\/\/www.undef.edu.ar\/bkp-web\/wp-json\/wp\/v2\/pages\/12746\/revisions\/13032"}],"wp:attachment":[{"href":"https:\/\/www.undef.edu.ar\/bkp-web\/wp-json\/wp\/v2\/media?parent=12746"}],"curies":[{"name":"wp","href":"https:\/\/api.w.org\/{rel}","templated":true}]}}